{"id":29703,"date":"2024-11-16T13:19:02","date_gmt":"2024-11-16T11:19:02","guid":{"rendered":"https:\/\/alleegalerii.ee\/?post_type=product&#038;p=29703"},"modified":"2025-12-03T12:50:26","modified_gmt":"2025-12-03T10:50:26","slug":"tiit-markin-vahutavad-lained-1990","status":"publish","type":"product","link":"https:\/\/alleegalerii.ee\/en\/shop\/tiit-markin-vahutavad-lained-1990\/","title":{"rendered":"Tiit Markin &#8220;Vahutavad lained&#8221;, 1990"},"content":{"rendered":"","protected":false},"excerpt":{"rendered":"<p>\u00d5li masoniidil. Raamitud.<\/p>\n<p>M\u00f5\u00f5dud: 60 x 84 cm, raamiga 68 x 92 cm.<\/p>\n<p>All paremal: T Markin 90<\/p>\n<p>August Janseni k\u00e4e all maalima \u00f5ppinud Tiit Markinist (1902-1995) kujunes p\u00f5hjarannikul asuva rannak\u00fcla Eisma armastatumaid kunsti\u00f5petajaid. Selle kandi tuntuima kunstniku, Richard Uutmaa eeskujul paelusid tedagi enim just meri ja loodus laiemalt.<\/p>\n","protected":false},"featured_media":29718,"template":"","meta":{"_acf_changed":false},"product_brand":[],"product_cat":[415,56,59],"product_tag":[60],"class_list":{"0":"post-29703","1":"product","2":"type-product","3":"status-publish","4":"has-post-thumbnail","6":"product_cat-maal","7":"product_cat-olimaal","8":"product_cat-e-pood","9":"product_tag-e-pood","11":"first","12":"instock","13":"sold-individually","14":"shipping-taxable","15":"purchasable","16":"product-type-simple"},"acf":[],"_links":{"self":[{"href":"https:\/\/alleegalerii.ee\/en\/wp-json\/wp\/v2\/product\/29703","targetHints":{"allow":["GET"]}}],"collection":[{"href":"https:\/\/alleegalerii.ee\/en\/wp-json\/wp\/v2\/product"}],"about":[{"href":"https:\/\/alleegalerii.ee\/en\/wp-json\/wp\/v2\/types\/product"}],"wp:featuredmedia":[{"embeddable":true,"href":"https:\/\/alleegalerii.ee\/en\/wp-json\/wp\/v2\/media\/29718"}],"wp:attachment":[{"href":"https:\/\/alleegalerii.ee\/en\/wp-json\/wp\/v2\/media?parent=29703"}],"wp:term":[{"taxonomy":"product_brand","embeddable":true,"href":"https:\/\/alleegalerii.ee\/en\/wp-json\/wp\/v2\/product_brand?post=29703"},{"taxonomy":"product_cat","embeddable":true,"href":"https:\/\/alleegalerii.ee\/en\/wp-json\/wp\/v2\/product_cat?post=29703"},{"taxonomy":"product_tag","embeddable":true,"href":"https:\/\/alleegalerii.ee\/en\/wp-json\/wp\/v2\/product_tag?post=29703"}],"curies":[{"name":"wp","href":"https:\/\/api.w.org\/{rel}","templated":true}]}}