{"id":29692,"date":"2024-11-14T17:31:58","date_gmt":"2024-11-14T15:31:58","guid":{"rendered":"https:\/\/alleegalerii.ee\/?post_type=product&#038;p=29692"},"modified":"2025-03-11T10:17:06","modified_gmt":"2025-03-11T08:17:06","slug":"linda-kohk-saialilled-1976","status":"publish","type":"product","link":"https:\/\/alleegalerii.ee\/en\/shop\/linda-kohk-saialilled-1976\/","title":{"rendered":"Linda Kohk &#8220;Saialilled&#8221;, 1976"},"content":{"rendered":"","protected":false},"excerpt":{"rendered":"<p>\u00d5li kartongil. Raamitud.<\/p>\n<p>M\u00f5\u00f5dud: 30,5 x 36,5 cm, raamiga 41 x 46,5 cm.<\/p>\n<p>All vasakul: L. K. 1976<br \/>\nP\u00f6\u00f6rdel: Linda Kohk (Indreko) (1906-1985) 1927-31 Pallas<\/p>\n<p>Pallaslane Linda Kohk (1906-1985) osales arvukatel grupin\u00e4itustel \u00fcle Eesti. Eesti Rahva Muuseumi kunstnikuna t\u00f6\u00f6tanud naise loomingut liigub aga v\u00e4he. Peamiselt harrastas kunstnik lillemaali, mis \u00fchelt poolt oli \u00fcks v\u00e4heseid \u017eanre, mis polnud poliitiliselt kallutatud ning teisalt pakkus v\u00f5imalust keskenduda ilusatele asjadele elus.<\/p>\n","protected":false},"featured_media":29693,"template":"","meta":{"_acf_changed":false},"product_brand":[],"product_cat":[415,56,59],"product_tag":[60],"class_list":{"0":"post-29692","1":"product","2":"type-product","3":"status-publish","4":"has-post-thumbnail","6":"product_cat-maal","7":"product_cat-olimaal","8":"product_cat-e-pood","9":"product_tag-e-pood","11":"first","12":"instock","13":"sold-individually","14":"shipping-taxable","15":"purchasable","16":"product-type-simple"},"acf":[],"_links":{"self":[{"href":"https:\/\/alleegalerii.ee\/en\/wp-json\/wp\/v2\/product\/29692","targetHints":{"allow":["GET"]}}],"collection":[{"href":"https:\/\/alleegalerii.ee\/en\/wp-json\/wp\/v2\/product"}],"about":[{"href":"https:\/\/alleegalerii.ee\/en\/wp-json\/wp\/v2\/types\/product"}],"wp:featuredmedia":[{"embeddable":true,"href":"https:\/\/alleegalerii.ee\/en\/wp-json\/wp\/v2\/media\/29693"}],"wp:attachment":[{"href":"https:\/\/alleegalerii.ee\/en\/wp-json\/wp\/v2\/media?parent=29692"}],"wp:term":[{"taxonomy":"product_brand","embeddable":true,"href":"https:\/\/alleegalerii.ee\/en\/wp-json\/wp\/v2\/product_brand?post=29692"},{"taxonomy":"product_cat","embeddable":true,"href":"https:\/\/alleegalerii.ee\/en\/wp-json\/wp\/v2\/product_cat?post=29692"},{"taxonomy":"product_tag","embeddable":true,"href":"https:\/\/alleegalerii.ee\/en\/wp-json\/wp\/v2\/product_tag?post=29692"}],"curies":[{"name":"wp","href":"https:\/\/api.w.org\/{rel}","templated":true}]}}