{"id":29681,"date":"2024-11-12T16:42:29","date_gmt":"2024-11-12T14:42:29","guid":{"rendered":"https:\/\/alleegalerii.ee\/?post_type=product&#038;p=29681"},"modified":"2025-02-27T10:06:27","modified_gmt":"2025-02-27T08:06:27","slug":"marju-bormeister-ilmatsalu-1984","status":"publish","type":"product","link":"https:\/\/alleegalerii.ee\/en\/shop\/marju-bormeister-ilmatsalu-1984\/","title":{"rendered":"Marju Bormeister &#8220;Ilmatsalu&#8221;, 1984"},"content":{"rendered":"","protected":false},"excerpt":{"rendered":"<p>M\u00dc\u00dcDUD.<\/p>\n<p>\u00d5li l\u00f5uendil. Raamitud.<\/p>\n<p>M\u00f5\u00f5dud: 80 x 120 cm.<\/p>\n<p>All paremal: Marju. Bormeister Kagovere<br \/>\nP\u00f6\u00f6rdel: Marju Bormeister Kagovere Ilmatsalu 1984 Tallinn 80&#215;120<\/p>\n<p>Marju Bormeister sai juba geenidega kaasa kunstiande. 1985. aastal ERKI maalikunstniku ja pedagoogina l\u00f5petanud Bormeister armastab oma loomingus kasutada motiive loodusest, lisaks maastike kujutamisele ka k\u00f5nekaid s\u00fcmboleid nagu kala v\u00f5i kukk.<\/p>\n","protected":false},"featured_media":29684,"template":"","meta":{"_acf_changed":false},"product_brand":[],"product_cat":[415,56,57,59],"product_tag":[60],"class_list":{"0":"post-29681","1":"product","2":"type-product","3":"status-publish","4":"has-post-thumbnail","6":"product_cat-maal","7":"product_cat-olimaal","8":"product_cat-muudud","9":"product_cat-e-pood","10":"product_tag-e-pood","12":"first","13":"outofstock","14":"sold-individually","15":"shipping-taxable","16":"purchasable","17":"product-type-simple"},"acf":[],"_links":{"self":[{"href":"https:\/\/alleegalerii.ee\/en\/wp-json\/wp\/v2\/product\/29681","targetHints":{"allow":["GET"]}}],"collection":[{"href":"https:\/\/alleegalerii.ee\/en\/wp-json\/wp\/v2\/product"}],"about":[{"href":"https:\/\/alleegalerii.ee\/en\/wp-json\/wp\/v2\/types\/product"}],"wp:featuredmedia":[{"embeddable":true,"href":"https:\/\/alleegalerii.ee\/en\/wp-json\/wp\/v2\/media\/29684"}],"wp:attachment":[{"href":"https:\/\/alleegalerii.ee\/en\/wp-json\/wp\/v2\/media?parent=29681"}],"wp:term":[{"taxonomy":"product_brand","embeddable":true,"href":"https:\/\/alleegalerii.ee\/en\/wp-json\/wp\/v2\/product_brand?post=29681"},{"taxonomy":"product_cat","embeddable":true,"href":"https:\/\/alleegalerii.ee\/en\/wp-json\/wp\/v2\/product_cat?post=29681"},{"taxonomy":"product_tag","embeddable":true,"href":"https:\/\/alleegalerii.ee\/en\/wp-json\/wp\/v2\/product_tag?post=29681"}],"curies":[{"name":"wp","href":"https:\/\/api.w.org\/{rel}","templated":true}]}}