{"id":29671,"date":"2024-12-04T17:20:06","date_gmt":"2024-12-04T15:20:06","guid":{"rendered":"https:\/\/alleegalerii.ee\/?post_type=product&#038;p=29671"},"modified":"2026-01-15T14:54:37","modified_gmt":"2026-01-15T12:54:37","slug":"anni-kohler-kevadised-sirelid-klaasvaasis","status":"publish","type":"product","link":"https:\/\/alleegalerii.ee\/en\/shop\/anni-kohler-kevadised-sirelid-klaasvaasis\/","title":{"rendered":"Anni K\u00f6hler &#8220;Kevadised sirelid klaasvaasis&#8221;"},"content":{"rendered":"","protected":false},"excerpt":{"rendered":"<p>Akvarell paberil. Raamitud.<\/p>\n<p>M\u00f5\u00f5dud: ava 45 x 35 cm, raamiga 66 x 56 cm.<\/p>\n<p>All paremal: K\u00f6hler.<\/p>\n<p>Anna-Elisabeth K\u00f6hler (1898 &#8211; 1942) \u00f5ppis maalima Ants Laikmaa ateljees, kus ta \u00f5ppis 1920-21. Kunstnikunimena suup\u00e4rasemat nime Anni kasutanud naine p\u00e4rines kuulsast suguv\u00f5sast &#8211; nimelt oli ta Johann K\u00f6leri vennapoja Georg K\u00f6hleri t\u00fctar. Meisterlikult edasi antud kevadiselt l\u00f5hnavate sirelite bukett t\u00f5estab tema virtuoossust tehniliselt v\u00e4ljakutsuvas akvarelltehnikas.<\/p>\n","protected":false},"featured_media":29672,"template":"","meta":{"_acf_changed":false},"product_brand":[],"product_cat":[415,54,59],"product_tag":[60],"class_list":{"0":"post-29671","1":"product","2":"type-product","3":"status-publish","4":"has-post-thumbnail","6":"product_cat-maal","7":"product_cat-akvarell","8":"product_cat-e-pood","9":"product_tag-e-pood","11":"first","12":"instock","13":"sold-individually","14":"shipping-taxable","15":"purchasable","16":"product-type-simple"},"acf":[],"_links":{"self":[{"href":"https:\/\/alleegalerii.ee\/en\/wp-json\/wp\/v2\/product\/29671","targetHints":{"allow":["GET"]}}],"collection":[{"href":"https:\/\/alleegalerii.ee\/en\/wp-json\/wp\/v2\/product"}],"about":[{"href":"https:\/\/alleegalerii.ee\/en\/wp-json\/wp\/v2\/types\/product"}],"wp:featuredmedia":[{"embeddable":true,"href":"https:\/\/alleegalerii.ee\/en\/wp-json\/wp\/v2\/media\/29672"}],"wp:attachment":[{"href":"https:\/\/alleegalerii.ee\/en\/wp-json\/wp\/v2\/media?parent=29671"}],"wp:term":[{"taxonomy":"product_brand","embeddable":true,"href":"https:\/\/alleegalerii.ee\/en\/wp-json\/wp\/v2\/product_brand?post=29671"},{"taxonomy":"product_cat","embeddable":true,"href":"https:\/\/alleegalerii.ee\/en\/wp-json\/wp\/v2\/product_cat?post=29671"},{"taxonomy":"product_tag","embeddable":true,"href":"https:\/\/alleegalerii.ee\/en\/wp-json\/wp\/v2\/product_tag?post=29671"}],"curies":[{"name":"wp","href":"https:\/\/api.w.org\/{rel}","templated":true}]}}