{"id":29666,"date":"2024-11-19T21:55:56","date_gmt":"2024-11-19T19:55:56","guid":{"rendered":"https:\/\/alleegalerii.ee\/?post_type=product&#038;p=29666"},"modified":"2026-01-14T16:03:00","modified_gmt":"2026-01-14T14:03:00","slug":"joann-saarniit-sadamas-1969","status":"publish","type":"product","link":"https:\/\/alleegalerii.ee\/en\/shop\/joann-saarniit-sadamas-1969\/","title":{"rendered":"Joann Saarniit &#8220;Sadamaromantika&#8221;, 1969"},"content":{"rendered":"","protected":false},"excerpt":{"rendered":"<p class=\"p1\">Segatehnika pabril. Raamitud<\/p>\n<p class=\"p1\">M\u00f5\u00f5dud: ava 17 x 27 cm, raamiga 45 x 53 cm.<\/p>\n<p>All paremal: Joann Saarniit 69<\/p>\n<p>Tallinna kunstt\u00f6\u00f6stuskooli vilistlane Joann Saarniit (1909-1984) tegi maalikunstnikuna Kanadas v\u00e4ga edukat karj\u00e4\u00e4ri. Ta sai kunstihariduse oma ala parimatelt meistritelt &#8211; August Jansenilt p\u00e4ritud v\u00e4rvitunnetust ning Kristjan Rauale omast j\u00f5ulist ekspressiivsust on n\u00e4ha ka Saarniidu hilisemas loomingus, mis valmis kodumaast eemal.<\/p>\n","protected":false},"featured_media":29669,"template":"","meta":{"_acf_changed":false},"product_brand":[],"product_cat":[415,59,93],"product_tag":[60],"class_list":{"0":"post-29666","1":"product","2":"type-product","3":"status-publish","4":"has-post-thumbnail","6":"product_cat-maal","7":"product_cat-e-pood","8":"product_cat-segatehnika","9":"product_tag-e-pood","11":"first","12":"instock","13":"sold-individually","14":"shipping-taxable","15":"purchasable","16":"product-type-simple"},"acf":[],"_links":{"self":[{"href":"https:\/\/alleegalerii.ee\/en\/wp-json\/wp\/v2\/product\/29666","targetHints":{"allow":["GET"]}}],"collection":[{"href":"https:\/\/alleegalerii.ee\/en\/wp-json\/wp\/v2\/product"}],"about":[{"href":"https:\/\/alleegalerii.ee\/en\/wp-json\/wp\/v2\/types\/product"}],"wp:featuredmedia":[{"embeddable":true,"href":"https:\/\/alleegalerii.ee\/en\/wp-json\/wp\/v2\/media\/29669"}],"wp:attachment":[{"href":"https:\/\/alleegalerii.ee\/en\/wp-json\/wp\/v2\/media?parent=29666"}],"wp:term":[{"taxonomy":"product_brand","embeddable":true,"href":"https:\/\/alleegalerii.ee\/en\/wp-json\/wp\/v2\/product_brand?post=29666"},{"taxonomy":"product_cat","embeddable":true,"href":"https:\/\/alleegalerii.ee\/en\/wp-json\/wp\/v2\/product_cat?post=29666"},{"taxonomy":"product_tag","embeddable":true,"href":"https:\/\/alleegalerii.ee\/en\/wp-json\/wp\/v2\/product_tag?post=29666"}],"curies":[{"name":"wp","href":"https:\/\/api.w.org\/{rel}","templated":true}]}}