{"id":29659,"date":"2024-11-09T18:15:15","date_gmt":"2024-11-09T16:15:15","guid":{"rendered":"https:\/\/alleegalerii.ee\/?post_type=product&#038;p=29659"},"modified":"2024-11-13T12:00:55","modified_gmt":"2024-11-13T10:00:55","slug":"linda-kohk-daaliad-1974","status":"publish","type":"product","link":"https:\/\/alleegalerii.ee\/en\/shop\/linda-kohk-daaliad-1974\/","title":{"rendered":"Linda Kohk &#8220;Daaliad&#8221;, 1974"},"content":{"rendered":"","protected":false},"excerpt":{"rendered":"<p>M\u00dc\u00dcDUD<\/p>\n<p>\u00d5li l\u00f5uendil. Raamitud (soovitame raami vahetust, mille osas saame soovi korral abiks olla).<\/p>\n<p>M\u00f5\u00f5dud: 49 x 56 cm, raamiga 53 x 59 cm.<\/p>\n<p>All vasakul: L. Kohk 74<\/p>\n<p>Pallaslane Linda Kohk (1906-1985) osales arvukatel grupin\u00e4itustel \u00fcle Eesti. Eesti Rahva Muuseumi kunstnikuna t\u00f6\u00f6tanud naise loomingut liigub aga v\u00e4he. Peamiselt harrastas kunstnik lillemaali, mis \u00fchelt poolt oli \u00fcks v\u00e4heseid \u017eanre, mis polnud poliitiliselt kallutatud ning teisalt pakkus v\u00f5imalust keskenduda ilusatele asjadele elus.<\/p>\n","protected":false},"featured_media":29662,"template":"","meta":{"_acf_changed":false},"product_brand":[],"product_cat":[415,56,57,59],"product_tag":[60],"class_list":{"0":"post-29659","1":"product","2":"type-product","3":"status-publish","4":"has-post-thumbnail","6":"product_cat-maal","7":"product_cat-olimaal","8":"product_cat-muudud","9":"product_cat-e-pood","10":"product_tag-e-pood","12":"first","13":"outofstock","14":"sold-individually","15":"shipping-taxable","16":"purchasable","17":"product-type-simple"},"acf":[],"_links":{"self":[{"href":"https:\/\/alleegalerii.ee\/en\/wp-json\/wp\/v2\/product\/29659","targetHints":{"allow":["GET"]}}],"collection":[{"href":"https:\/\/alleegalerii.ee\/en\/wp-json\/wp\/v2\/product"}],"about":[{"href":"https:\/\/alleegalerii.ee\/en\/wp-json\/wp\/v2\/types\/product"}],"wp:featuredmedia":[{"embeddable":true,"href":"https:\/\/alleegalerii.ee\/en\/wp-json\/wp\/v2\/media\/29662"}],"wp:attachment":[{"href":"https:\/\/alleegalerii.ee\/en\/wp-json\/wp\/v2\/media?parent=29659"}],"wp:term":[{"taxonomy":"product_brand","embeddable":true,"href":"https:\/\/alleegalerii.ee\/en\/wp-json\/wp\/v2\/product_brand?post=29659"},{"taxonomy":"product_cat","embeddable":true,"href":"https:\/\/alleegalerii.ee\/en\/wp-json\/wp\/v2\/product_cat?post=29659"},{"taxonomy":"product_tag","embeddable":true,"href":"https:\/\/alleegalerii.ee\/en\/wp-json\/wp\/v2\/product_tag?post=29659"}],"curies":[{"name":"wp","href":"https:\/\/api.w.org\/{rel}","templated":true}]}}