{"id":29597,"date":"2024-11-06T15:56:06","date_gmt":"2024-11-06T13:56:06","guid":{"rendered":"https:\/\/alleegalerii.ee\/?post_type=product&#038;p=29597"},"modified":"2025-01-24T15:57:28","modified_gmt":"2025-01-24T13:57:28","slug":"malle-leis-sandra-suvepaev-1982","status":"publish","type":"product","link":"https:\/\/alleegalerii.ee\/en\/shop\/malle-leis-sandra-suvepaev-1982\/","title":{"rendered":"Malle Leis \u201cSandra. Suvep\u00e4ev\u201d, 1982"},"content":{"rendered":"","protected":false},"excerpt":{"rendered":"<p>M\u00dc\u00dcDUD.<\/p>\n<p>Serigraafia paberil. Raamitud.<\/p>\n<p>M\u00f5\u00f5t: d= 52 cm<\/p>\n<p>All keskel: Sandra. Suvep\u00e4ev. 3\/30 serigraafia M. Leis 1982.a.<\/p>\n<p>Malle Leisi (1940-2017) loomingus on autobiograafilistel motiividel oluline koht. Serigraafiatehnikas teosel \u201cSandra. Suvep\u00e4ev\u201d kujutab Leis oma t\u00fctart kompositsioonielementide keskel, mis annavad teosele usuliselt allegoorilise t\u00e4henduse. Meie ees on eriti katoliku maade barokikunstis levinud stseeni \u201cMadonna lillep\u00e4rjas\/puuviljap\u00e4rjas\u201d vaba interpretatsioon, mille s\u00f5numit r\u00f5hutavad omakorda pooleks l\u00f5igatud granaat\u00f5unad ja viinamarjakobarad. Teosest \u00f5hkuv allegoorilisus on emalikkuse \u00fclistus.<\/p>\n<p>Teos kuulub Eesti Kunstimuuseumi kollektsiooni ja oli eksponeeritud 2009. aastal Kumu n\u00e4itusel \u201cLapsed ja lilled, inimene ja loodus: Malle Leisi ja Illimar Paul siiditr\u00fckid 1970.\u20131980. aastatest\u201d.<\/p>\n<p>&nbsp;<\/p>\n","protected":false},"featured_media":13292,"template":"","meta":{"_acf_changed":false},"product_brand":[],"product_cat":[61,57,59],"product_tag":[60],"class_list":{"0":"post-29597","1":"product","2":"type-product","3":"status-publish","4":"has-post-thumbnail","6":"product_cat-graafika","7":"product_cat-muudud","8":"product_cat-e-pood","9":"product_tag-e-pood","11":"first","12":"outofstock","13":"sold-individually","14":"shipping-taxable","15":"purchasable","16":"product-type-simple"},"acf":[],"_links":{"self":[{"href":"https:\/\/alleegalerii.ee\/en\/wp-json\/wp\/v2\/product\/29597","targetHints":{"allow":["GET"]}}],"collection":[{"href":"https:\/\/alleegalerii.ee\/en\/wp-json\/wp\/v2\/product"}],"about":[{"href":"https:\/\/alleegalerii.ee\/en\/wp-json\/wp\/v2\/types\/product"}],"wp:featuredmedia":[{"embeddable":true,"href":"https:\/\/alleegalerii.ee\/en\/wp-json\/wp\/v2\/media\/13292"}],"wp:attachment":[{"href":"https:\/\/alleegalerii.ee\/en\/wp-json\/wp\/v2\/media?parent=29597"}],"wp:term":[{"taxonomy":"product_brand","embeddable":true,"href":"https:\/\/alleegalerii.ee\/en\/wp-json\/wp\/v2\/product_brand?post=29597"},{"taxonomy":"product_cat","embeddable":true,"href":"https:\/\/alleegalerii.ee\/en\/wp-json\/wp\/v2\/product_cat?post=29597"},{"taxonomy":"product_tag","embeddable":true,"href":"https:\/\/alleegalerii.ee\/en\/wp-json\/wp\/v2\/product_tag?post=29597"}],"curies":[{"name":"wp","href":"https:\/\/api.w.org\/{rel}","templated":true}]}}