{"id":29561,"date":"2024-11-09T14:01:10","date_gmt":"2024-11-09T12:01:10","guid":{"rendered":"https:\/\/alleegalerii.ee\/?post_type=product&#038;p=29561"},"modified":"2026-01-16T15:09:30","modified_gmt":"2026-01-16T13:09:30","slug":"priidu-aavik-iru-nolvadel-1967","status":"publish","type":"product","link":"https:\/\/alleegalerii.ee\/en\/shop\/priidu-aavik-iru-nolvadel-1967\/","title":{"rendered":"Priidu Aavik \u201cIru n\u00f5lvadel\u201d, 1967"},"content":{"rendered":"","protected":false},"excerpt":{"rendered":"<p>\u00d5li papil.<\/p>\n<p>M\u00f5\u00f5dud: 50 x 80 cm.<\/p>\n<p>All vasakul: Priidu Aavik 67.a.<br \/>\nP\u00f6\u00f6rdel: &#8220;Iru n\u00f5lvadel&#8221; 1967 a P Aavik<\/p>\n<p>M\u00fc\u00fcgil raamimata kujul. Soovi korral saame olla abiks raamimise teostamisel.<\/p>\n<p>Priidu Aavik (1905-1991) oli eesti maalikunstnik. Ta astus 1934 aastal K\u00f5rgemasse Kunstikooli Pallas, kus \u00f5ppis Nikolai Triigi ja Ado Vabbe k\u00e4e all kuni kooli l\u00f5petamiseni 1938.<\/p>\n","protected":false},"featured_media":29563,"template":"","meta":{"_acf_changed":false},"product_brand":[],"product_cat":[415,56,59],"product_tag":[60],"class_list":{"0":"post-29561","1":"product","2":"type-product","3":"status-publish","4":"has-post-thumbnail","6":"product_cat-maal","7":"product_cat-olimaal","8":"product_cat-e-pood","9":"product_tag-e-pood","11":"first","12":"instock","13":"sold-individually","14":"shipping-taxable","15":"purchasable","16":"product-type-simple"},"acf":[],"_links":{"self":[{"href":"https:\/\/alleegalerii.ee\/en\/wp-json\/wp\/v2\/product\/29561","targetHints":{"allow":["GET"]}}],"collection":[{"href":"https:\/\/alleegalerii.ee\/en\/wp-json\/wp\/v2\/product"}],"about":[{"href":"https:\/\/alleegalerii.ee\/en\/wp-json\/wp\/v2\/types\/product"}],"wp:featuredmedia":[{"embeddable":true,"href":"https:\/\/alleegalerii.ee\/en\/wp-json\/wp\/v2\/media\/29563"}],"wp:attachment":[{"href":"https:\/\/alleegalerii.ee\/en\/wp-json\/wp\/v2\/media?parent=29561"}],"wp:term":[{"taxonomy":"product_brand","embeddable":true,"href":"https:\/\/alleegalerii.ee\/en\/wp-json\/wp\/v2\/product_brand?post=29561"},{"taxonomy":"product_cat","embeddable":true,"href":"https:\/\/alleegalerii.ee\/en\/wp-json\/wp\/v2\/product_cat?post=29561"},{"taxonomy":"product_tag","embeddable":true,"href":"https:\/\/alleegalerii.ee\/en\/wp-json\/wp\/v2\/product_tag?post=29561"}],"curies":[{"name":"wp","href":"https:\/\/api.w.org\/{rel}","templated":true}]}}