{"id":29354,"date":"2024-11-03T21:58:38","date_gmt":"2024-11-03T19:58:38","guid":{"rendered":"https:\/\/alleegalerii.ee\/?post_type=product&#038;p=29354"},"modified":"2025-04-14T15:05:43","modified_gmt":"2025-04-14T12:05:43","slug":"06-mall-nukke-7-surmapattu","status":"publish","type":"product","link":"https:\/\/alleegalerii.ee\/en\/shop\/06-mall-nukke-7-surmapattu\/","title":{"rendered":"06. Mall Nukke \"7 deadly sins\""},"content":{"rendered":"<h5>Kollaa\u017e, akr\u00fc\u00fcl. 2008.<br \/>\nAll paremal: MN \u00b408<br \/>\nP\u00f6\u00f6rdel: &#8220;7 surmapattu&#8220; MALL NUKKE &#8216;2008<\/h5>\n<p style=\"text-align: right\"><span style=\"font-weight: 400\">&#8220;Need silmad vaatavad sind nagu m\u00f5istes,<br \/>\n<\/span><span style=\"font-weight: 400\">Siis muutuvad ja peegelduvad teistes,<br \/>\n<\/span><span style=\"font-weight: 400\">On arusaamine ja suur m\u00fcsteerium&#8221;<\/span><\/p>\n<p style=\"text-align: right\"><span style=\"font-weight: 400\">Katkend Doris Kareva luuletusest \u201ePeegeldused\u201c, 1980\u00a0<\/span><\/p>\n<p><span style=\"font-weight: 400\">Tasakaalustatud kompositsioonid ja koloriit ning detailideni l\u00e4bim\u00f5eldud narratiiv on Eesti neopopi kuninganna Mall Nukke (s. 1964) loomingu alustalad, mille v\u00f5imsaks n\u00e4iteks on tema 2008. aastal loodud \u201eSeitse surmapattu\u201c. Siinjuures on Nukke s\u00fcvenemine teemasse imetlusv\u00e4\u00e4rne \u2013 k\u00e4esoleva maali ettevalmistusena luges ta l\u00e4bi nii Uue kui Vana Testamendi ning sealsete lugude anal\u00fc\u00fcsina l\u00f5i t\u00e4nap\u00e4evase versiooni seitsmest surmapatust.<\/span><\/p>\n<p><span style=\"font-weight: 400\">Iroonilise vaatlejana t\u00f6gab ta nii mammona kummardamist kui vassimist nii meedias kui igap\u00e4evaelus. Nukke k\u00fcsib vaatajalt, mis on \u00fcldse absoluutne \u00f5igus, kellel on \u00f5igus, miks on tal \u00f5igus? Kes on jumal, kes on punane, kes must?\u00a0 Kas jumal v\u00f5ib v\u00f5tta looma kuju? Millega karistada? M\u00f5\u00f5gaga, s\u00f5nadega? Ja kas varjame end maskiga v\u00f5i astume jumala ette enda n\u00e4oga? V\u00f5i on sel \u00fcldse vahet, kui k\u00f5iken\u00e4gevad silmad on nagunii alati su kohal.<\/span><\/p>\n<p><span style=\"font-weight: 400\">Stilistiliselt juugendist j\u00f5udu ammutanud \u201eSeitsme surmapatu\u201c p\u00f5hiliseks s\u00f5numiks on seega enda ja teiste vastu ausaks j\u00e4\u00e4mine, sest p\u00f5geneda pole nagunii kuhugi \u2013 teema, mille igavikulist v\u00e4\u00e4rtust on kunstnik edasi andnud vanandava lakiga.\u00a0<\/span><\/p>\n<p>K\u00e4esoleva teosega t\u00e4histame Mall Nukke 60. juubelit.<\/p>\n<p style=\"text-align: right\"><span style=\"font-weight: 400\">Tekst: Katre Palm<\/span><\/p>\n","protected":false},"excerpt":{"rendered":"<p>Kollaa\u017e, akr\u00fc\u00fcl. 2008. All paremal: MN \u00b408 P\u00f6\u00f6rdel: &#8220;7 surmapattu&#8220; MALL NUKKE &#8216;2008 &#8220;Need silmad vaatavad sind nagu m\u00f5istes, Siis<\/p>\n","protected":false},"featured_media":26755,"template":"","meta":{"_acf_changed":false},"product_brand":[],"product_cat":[333],"product_tag":[],"class_list":{"0":"post-29354","1":"product","2":"type-product","3":"status-publish","4":"has-post-thumbnail","6":"product_cat-sugisoksjon-2024","7":"auction-is-closed","8":"current-user-is-not-highest-bidder","10":"first","11":"instock","12":"shipping-taxable","13":"purchasable","14":"product-type-auction"},"acf":[],"_links":{"self":[{"href":"https:\/\/alleegalerii.ee\/en\/wp-json\/wp\/v2\/product\/29354","targetHints":{"allow":["GET"]}}],"collection":[{"href":"https:\/\/alleegalerii.ee\/en\/wp-json\/wp\/v2\/product"}],"about":[{"href":"https:\/\/alleegalerii.ee\/en\/wp-json\/wp\/v2\/types\/product"}],"wp:featuredmedia":[{"embeddable":true,"href":"https:\/\/alleegalerii.ee\/en\/wp-json\/wp\/v2\/media\/26755"}],"wp:attachment":[{"href":"https:\/\/alleegalerii.ee\/en\/wp-json\/wp\/v2\/media?parent=29354"}],"wp:term":[{"taxonomy":"product_brand","embeddable":true,"href":"https:\/\/alleegalerii.ee\/en\/wp-json\/wp\/v2\/product_brand?post=29354"},{"taxonomy":"product_cat","embeddable":true,"href":"https:\/\/alleegalerii.ee\/en\/wp-json\/wp\/v2\/product_cat?post=29354"},{"taxonomy":"product_tag","embeddable":true,"href":"https:\/\/alleegalerii.ee\/en\/wp-json\/wp\/v2\/product_tag?post=29354"}],"curies":[{"name":"wp","href":"https:\/\/api.w.org\/{rel}","templated":true}]}}