{"id":29263,"date":"2024-10-30T10:08:40","date_gmt":"2024-10-30T08:08:40","guid":{"rendered":"https:\/\/alleegalerii.ee\/?post_type=product&#038;p=29263"},"modified":"2026-01-16T16:38:31","modified_gmt":"2026-01-16T14:38:31","slug":"evald-okas-pilved-1994","status":"publish","type":"product","link":"https:\/\/alleegalerii.ee\/en\/shop\/evald-okas-pilved-1994\/","title":{"rendered":"Evald Okas &#8220;Pilved&#8221;, 1994"},"content":{"rendered":"","protected":false},"excerpt":{"rendered":"<p>\u00d5li puidul. Raamitud.<\/p>\n<p>M\u00f5\u00f5dud 30 x 25 cm. Raamiga 46 x 40,5 cm.<\/p>\n<p>All vasakul: EOkas 1994<br \/>\nP\u00f6\u00f6rdel: EOkas 1994 &#8220;Pilved&#8221; \u00d5li p. 1994 30 x 25<\/p>\n<p>Evald Okas l\u00f5petas Riigi K\u00f5rgema Kunstikooli maali alal 1941. aastal ning samal aastal mobiliseeriti ta Punaarmeesse ning kuulus n\u00f6. rindekunstnikuna ka Jaroslavli eesti kunstnike kollektiivi.<\/p>\n","protected":false},"featured_media":29264,"template":"","meta":{"_acf_changed":false},"product_brand":[],"product_cat":[56,59],"product_tag":[60],"class_list":{"0":"post-29263","1":"product","2":"type-product","3":"status-publish","4":"has-post-thumbnail","6":"product_cat-olimaal","7":"product_cat-e-pood","8":"product_tag-e-pood","10":"first","11":"instock","12":"sold-individually","13":"shipping-taxable","14":"purchasable","15":"product-type-simple"},"acf":[],"_links":{"self":[{"href":"https:\/\/alleegalerii.ee\/en\/wp-json\/wp\/v2\/product\/29263","targetHints":{"allow":["GET"]}}],"collection":[{"href":"https:\/\/alleegalerii.ee\/en\/wp-json\/wp\/v2\/product"}],"about":[{"href":"https:\/\/alleegalerii.ee\/en\/wp-json\/wp\/v2\/types\/product"}],"wp:featuredmedia":[{"embeddable":true,"href":"https:\/\/alleegalerii.ee\/en\/wp-json\/wp\/v2\/media\/29264"}],"wp:attachment":[{"href":"https:\/\/alleegalerii.ee\/en\/wp-json\/wp\/v2\/media?parent=29263"}],"wp:term":[{"taxonomy":"product_brand","embeddable":true,"href":"https:\/\/alleegalerii.ee\/en\/wp-json\/wp\/v2\/product_brand?post=29263"},{"taxonomy":"product_cat","embeddable":true,"href":"https:\/\/alleegalerii.ee\/en\/wp-json\/wp\/v2\/product_cat?post=29263"},{"taxonomy":"product_tag","embeddable":true,"href":"https:\/\/alleegalerii.ee\/en\/wp-json\/wp\/v2\/product_tag?post=29263"}],"curies":[{"name":"wp","href":"https:\/\/api.w.org\/{rel}","templated":true}]}}