{"id":2896,"date":"2021-04-25T14:44:57","date_gmt":"2021-04-25T12:44:57","guid":{"rendered":"https:\/\/alleegalerii.ee\/?post_type=product&#038;p=2896"},"modified":"2024-01-27T13:38:05","modified_gmt":"2024-01-27T11:38:05","slug":"udo-kulv-kalur-ca-1967","status":"publish","type":"product","link":"https:\/\/alleegalerii.ee\/en\/shop\/udo-kulv-kalur-ca-1967\/","title":{"rendered":"Udo K\u00fclv &#8220;Kalur&#8221;, ca 1967"},"content":{"rendered":"","protected":false},"excerpt":{"rendered":"<p>M\u00dc\u00dcDUD<\/p>\n<p>M\u00f5\u00f5tmed: pildiv\u00e4li 42 x 30 cm, koos raamiga 69,5 x 57 cm.<\/p>\n<p>Udo K\u00fclv (K\u00f6hler) s\u00fcndis 1917. aastal Tallinnas ning viljeles nii graafikat kui maali. Tema vanavanaisa oli legendaarse Johann K\u00f6leri vanem vend. K\u00fclv illustreeris ja kujundas arvukalt raamatuid ning t\u00f6\u00f6tas ETVs kunstnikuna.<\/p>\n<p>Udo K\u00fclv oli \u00fcdini loodusemees ning armastas k\u00e4ia maalimisretkedel erinevates Eesti looduskaunites paigus, sh mere\u00e4\u00e4rsetes k\u00fclades P\u00f5hja-Eestis, Saaremaal ning Peipsi \u00e4\u00e4res. Suure t\u00f5en\u00e4osusega on ka k\u00e4esolev teos valminud just \u00fchel neist reisidest.<\/p>\n<p>&nbsp;<\/p>\n","protected":false},"featured_media":2897,"template":"","meta":{"_acf_changed":false},"product_brand":[],"product_cat":[61,57,59],"product_tag":[60],"class_list":{"0":"post-2896","1":"product","2":"type-product","3":"status-publish","4":"has-post-thumbnail","6":"product_cat-graafika","7":"product_cat-muudud","8":"product_cat-e-pood","9":"product_tag-e-pood","11":"first","12":"outofstock","13":"shipping-taxable","14":"product-type-simple"},"acf":[],"_links":{"self":[{"href":"https:\/\/alleegalerii.ee\/en\/wp-json\/wp\/v2\/product\/2896","targetHints":{"allow":["GET"]}}],"collection":[{"href":"https:\/\/alleegalerii.ee\/en\/wp-json\/wp\/v2\/product"}],"about":[{"href":"https:\/\/alleegalerii.ee\/en\/wp-json\/wp\/v2\/types\/product"}],"wp:featuredmedia":[{"embeddable":true,"href":"https:\/\/alleegalerii.ee\/en\/wp-json\/wp\/v2\/media\/2897"}],"wp:attachment":[{"href":"https:\/\/alleegalerii.ee\/en\/wp-json\/wp\/v2\/media?parent=2896"}],"wp:term":[{"taxonomy":"product_brand","embeddable":true,"href":"https:\/\/alleegalerii.ee\/en\/wp-json\/wp\/v2\/product_brand?post=2896"},{"taxonomy":"product_cat","embeddable":true,"href":"https:\/\/alleegalerii.ee\/en\/wp-json\/wp\/v2\/product_cat?post=2896"},{"taxonomy":"product_tag","embeddable":true,"href":"https:\/\/alleegalerii.ee\/en\/wp-json\/wp\/v2\/product_tag?post=2896"}],"curies":[{"name":"wp","href":"https:\/\/api.w.org\/{rel}","templated":true}]}}