{"id":28915,"date":"2024-10-25T12:31:52","date_gmt":"2024-10-25T09:31:52","guid":{"rendered":"https:\/\/alleegalerii.ee\/?post_type=product&#038;p=28915"},"modified":"2026-01-16T16:38:00","modified_gmt":"2026-01-16T14:38:00","slug":"august-albo-kolm-tudrukut-1962","status":"publish","type":"product","link":"https:\/\/alleegalerii.ee\/en\/shop\/august-albo-kolm-tudrukut-1962\/","title":{"rendered":"August Albo &#8220;Kolm t\u00fcdrukut&#8221;, 1962"},"content":{"rendered":"","protected":false},"excerpt":{"rendered":"<p>\u00d5li l\u00f5uendil.<br \/>\nM\u00f5\u00f5dud: 42 x 15,5 cm.<\/p>\n<p>P\u00f6\u00f6rdel: D. A. C. 1962<\/p>\n<p>1912-1916 Peterburis Stieglitzi Kunstikoolis ning 1916-1917 Peterburi Kunstiakadeemias \u00f5ppinud August Albo (1893-1963) naasis 1918. aastal Eestisse ning t\u00f6\u00f6tas Tallinna koolides joonistus\u00f5petajana. Eneset\u00e4ienduse vajadused viisid ta 1922 Berliini ning juba samal aastal Pariisi, kus tegutses plakatikunstnikuna, stsenograafina ja maalis. 1951. aastal Ameerika \u00dchendriikidesse l\u00f5plikult elama asunud Albo suurem t\u00e4helend algas just seal. Nimelt alustas ta koost\u00f6\u00f6d ettev\u00f5ttega Donald Art Company, kes oli tolleks hetkeks vaieldamatult \u00fcks suurimaid kunstireprode tr\u00fckkijaid \u00dchendriikides ning nii j\u00f5udsid Albo teosed sadade tuhandete ameeriklaste kodudesse.<\/p>\n","protected":false},"featured_media":28916,"template":"","meta":{"_acf_changed":false},"product_brand":[],"product_cat":[415,56,59],"product_tag":[60],"class_list":{"0":"post-28915","1":"product","2":"type-product","3":"status-publish","4":"has-post-thumbnail","6":"product_cat-maal","7":"product_cat-olimaal","8":"product_cat-e-pood","9":"product_tag-e-pood","11":"first","12":"instock","13":"sold-individually","14":"shipping-taxable","15":"purchasable","16":"product-type-simple"},"acf":[],"_links":{"self":[{"href":"https:\/\/alleegalerii.ee\/en\/wp-json\/wp\/v2\/product\/28915","targetHints":{"allow":["GET"]}}],"collection":[{"href":"https:\/\/alleegalerii.ee\/en\/wp-json\/wp\/v2\/product"}],"about":[{"href":"https:\/\/alleegalerii.ee\/en\/wp-json\/wp\/v2\/types\/product"}],"wp:featuredmedia":[{"embeddable":true,"href":"https:\/\/alleegalerii.ee\/en\/wp-json\/wp\/v2\/media\/28916"}],"wp:attachment":[{"href":"https:\/\/alleegalerii.ee\/en\/wp-json\/wp\/v2\/media?parent=28915"}],"wp:term":[{"taxonomy":"product_brand","embeddable":true,"href":"https:\/\/alleegalerii.ee\/en\/wp-json\/wp\/v2\/product_brand?post=28915"},{"taxonomy":"product_cat","embeddable":true,"href":"https:\/\/alleegalerii.ee\/en\/wp-json\/wp\/v2\/product_cat?post=28915"},{"taxonomy":"product_tag","embeddable":true,"href":"https:\/\/alleegalerii.ee\/en\/wp-json\/wp\/v2\/product_tag?post=28915"}],"curies":[{"name":"wp","href":"https:\/\/api.w.org\/{rel}","templated":true}]}}