{"id":2818,"date":"2021-04-20T22:11:45","date_gmt":"2021-04-20T20:11:45","guid":{"rendered":"https:\/\/alleegalerii.ee\/?post_type=product&#038;p=2818"},"modified":"2023-11-14T22:07:23","modified_gmt":"2023-11-14T20:07:23","slug":"reiu-tuur-mu-pouest-lilled-kasvavad-lennart-meri-lumikellukestega-2009","status":"publish","type":"product","link":"https:\/\/alleegalerii.ee\/en\/shop\/reiu-tuur-mu-pouest-lilled-kasvavad-lennart-meri-lumikellukestega-2009\/","title":{"rendered":"Reiu T\u00fc\u00fcr &#8220;Mu p\u00f5uest lilled kasvavad (Lennart Meri lumikellukestega)&#8221;, 2009"},"content":{"rendered":"","protected":false},"excerpt":{"rendered":"<p>Akr\u00fc\u00fcl, puit. Raamitud.<\/p>\n<p>150 x 70 cm.<\/p>\n<p>Juba aastaid Leedus resideeruv eesti kunstnik Reiu T\u00fc\u00fcr on Eesti kunstiakadeemia magister (1998) ning London City University magister (2001), lisaks Eesti kunstnike liidu liige aastast 1993.<\/p>\n<p>T\u00fc\u00fcr on esinenud n\u00e4itustel maailma paljudes galeriides ning \u00fcks talle olulisi teemasid on ajaloolised objektid ning karismaatilised, kultuuri hindavad liidrid. Lennart Meri portree lumikellukestega on T\u00fc\u00fcrile v\u00e4ga iseloomuliku k\u00e4ekirjaga teos meie esimesest taasiseseisvunud riigi presidendist.<\/p>\n","protected":false},"featured_media":2819,"template":"","meta":{"_acf_changed":false},"product_brand":[],"product_cat":[415,56,59],"product_tag":[60],"class_list":{"0":"post-2818","1":"product","2":"type-product","3":"status-publish","4":"has-post-thumbnail","6":"product_cat-maal","7":"product_cat-olimaal","8":"product_cat-e-pood","9":"product_tag-e-pood","11":"first","12":"instock","13":"sold-individually","14":"shipping-taxable","15":"purchasable","16":"product-type-simple"},"acf":[],"_links":{"self":[{"href":"https:\/\/alleegalerii.ee\/en\/wp-json\/wp\/v2\/product\/2818","targetHints":{"allow":["GET"]}}],"collection":[{"href":"https:\/\/alleegalerii.ee\/en\/wp-json\/wp\/v2\/product"}],"about":[{"href":"https:\/\/alleegalerii.ee\/en\/wp-json\/wp\/v2\/types\/product"}],"wp:featuredmedia":[{"embeddable":true,"href":"https:\/\/alleegalerii.ee\/en\/wp-json\/wp\/v2\/media\/2819"}],"wp:attachment":[{"href":"https:\/\/alleegalerii.ee\/en\/wp-json\/wp\/v2\/media?parent=2818"}],"wp:term":[{"taxonomy":"product_brand","embeddable":true,"href":"https:\/\/alleegalerii.ee\/en\/wp-json\/wp\/v2\/product_brand?post=2818"},{"taxonomy":"product_cat","embeddable":true,"href":"https:\/\/alleegalerii.ee\/en\/wp-json\/wp\/v2\/product_cat?post=2818"},{"taxonomy":"product_tag","embeddable":true,"href":"https:\/\/alleegalerii.ee\/en\/wp-json\/wp\/v2\/product_tag?post=2818"}],"curies":[{"name":"wp","href":"https:\/\/api.w.org\/{rel}","templated":true}]}}