{"id":2778,"date":"2021-04-18T20:16:53","date_gmt":"2021-04-18T18:16:53","guid":{"rendered":"https:\/\/alleegalerii.ee\/?post_type=product&#038;p=2778"},"modified":"2024-04-19T18:17:47","modified_gmt":"2024-04-19T15:17:47","slug":"voldemar-peil-koguva-kulas-muhu","status":"publish","type":"product","link":"https:\/\/alleegalerii.ee\/en\/shop\/voldemar-peil-koguva-kulas-muhu\/","title":{"rendered":"Voldemar Peil &#8220;Koguva k\u00fclas, Muhu&#8221;"},"content":{"rendered":"","protected":false},"excerpt":{"rendered":"<p>M\u00dc\u00dcDUD<\/p>\n<p>\u00d5li l\u00f5uendil, 1970ndad-1980ndad. Raamitud.<\/p>\n<p>M\u00f5\u00f5dud: 64,5 x 75 cm<\/p>\n<p>Kunstnik Voldemar Peil (1907-1999) s\u00fcndis Narvas ning maalimist \u00f5ppis Pallases Ado Vabbe, Villem Ormissoni ja mitmete teiste tunnustatud kunsti\u00f5ppej\u00f5udude k\u00e4e all. Peil oli aktiivselt tegev ka erinevate teatrite dekoraatori ja peakunstnikuna ning kujundas \u00fcle 300 erineva lavastuse.<\/p>\n<p>Muhu saarel asuv Koguva k\u00fcla on kogujate seas otsitud motiiv.<\/p>\n<p>&nbsp;<\/p>\n","protected":false},"featured_media":2779,"template":"","meta":{"_acf_changed":false},"product_brand":[],"product_cat":[415,56,57,59],"product_tag":[60],"class_list":{"0":"post-2778","1":"product","2":"type-product","3":"status-publish","4":"has-post-thumbnail","6":"product_cat-maal","7":"product_cat-olimaal","8":"product_cat-muudud","9":"product_cat-e-pood","10":"product_tag-e-pood","12":"first","13":"outofstock","14":"sold-individually","15":"shipping-taxable","16":"product-type-simple"},"acf":[],"_links":{"self":[{"href":"https:\/\/alleegalerii.ee\/en\/wp-json\/wp\/v2\/product\/2778","targetHints":{"allow":["GET"]}}],"collection":[{"href":"https:\/\/alleegalerii.ee\/en\/wp-json\/wp\/v2\/product"}],"about":[{"href":"https:\/\/alleegalerii.ee\/en\/wp-json\/wp\/v2\/types\/product"}],"wp:featuredmedia":[{"embeddable":true,"href":"https:\/\/alleegalerii.ee\/en\/wp-json\/wp\/v2\/media\/2779"}],"wp:attachment":[{"href":"https:\/\/alleegalerii.ee\/en\/wp-json\/wp\/v2\/media?parent=2778"}],"wp:term":[{"taxonomy":"product_brand","embeddable":true,"href":"https:\/\/alleegalerii.ee\/en\/wp-json\/wp\/v2\/product_brand?post=2778"},{"taxonomy":"product_cat","embeddable":true,"href":"https:\/\/alleegalerii.ee\/en\/wp-json\/wp\/v2\/product_cat?post=2778"},{"taxonomy":"product_tag","embeddable":true,"href":"https:\/\/alleegalerii.ee\/en\/wp-json\/wp\/v2\/product_tag?post=2778"}],"curies":[{"name":"wp","href":"https:\/\/api.w.org\/{rel}","templated":true}]}}