{"id":2707,"date":"2021-04-07T20:38:00","date_gmt":"2021-04-07T18:38:00","guid":{"rendered":"https:\/\/alleegalerii.ee\/?post_type=product&#038;p=2707"},"modified":"2024-01-27T13:28:07","modified_gmt":"2024-01-27T11:28:07","slug":"erich-pehap-showtime-1973","status":"publish","type":"product","link":"https:\/\/alleegalerii.ee\/en\/shop\/erich-pehap-showtime-1973\/","title":{"rendered":"Erich Pehap &#8220;Showtime&#8221;, 1973."},"content":{"rendered":"","protected":false},"excerpt":{"rendered":"<p>M\u00dc\u00dcDUD<\/p>\n<p>Linooll\u00f5ige, 8\/20. Raamitud.<\/p>\n<p>M\u00f5\u00f5dud: 40 x 32 cm.<\/p>\n<p>Viljandist p\u00e4rit Erich Pehap (1912-1981) \u00f5ppis Pallases maalikunsti, Riigi Kunstit\u00f6\u00f6stuskoolis keraamikat ja tarbegraafikat, ning 1939 l\u00f5petas Pallase graafikuna. 1943 aastal asus Pehap elama Soome ja peale seda Rootsi, kus juba esimesel aastal sai hulgaliselt tellimusi tarbegraafikuna. 1949 siirdus kunstnik Kanadasse Torontosse, kus lisas enda portfooliosse veel \u00fche kunstiliigi l\u00f5petades Montreali Mehaanilise Joonestamise Instituudi kujunduskunsti erialal. Kanadas osales Pehap aktiivselt kohalikus kunstielus, tal oli 19 isikun\u00e4itust ning lisaks osales ta lugematutel \u00fchisn\u00e4itustel.<\/p>\n","protected":false},"featured_media":2708,"template":"","meta":{"_acf_changed":false},"product_brand":[],"product_cat":[61,57,59],"product_tag":[60],"class_list":{"0":"post-2707","1":"product","2":"type-product","3":"status-publish","4":"has-post-thumbnail","6":"product_cat-graafika","7":"product_cat-muudud","8":"product_cat-e-pood","9":"product_tag-e-pood","11":"first","12":"outofstock","13":"sold-individually","14":"shipping-taxable","15":"product-type-simple"},"acf":[],"_links":{"self":[{"href":"https:\/\/alleegalerii.ee\/en\/wp-json\/wp\/v2\/product\/2707","targetHints":{"allow":["GET"]}}],"collection":[{"href":"https:\/\/alleegalerii.ee\/en\/wp-json\/wp\/v2\/product"}],"about":[{"href":"https:\/\/alleegalerii.ee\/en\/wp-json\/wp\/v2\/types\/product"}],"wp:featuredmedia":[{"embeddable":true,"href":"https:\/\/alleegalerii.ee\/en\/wp-json\/wp\/v2\/media\/2708"}],"wp:attachment":[{"href":"https:\/\/alleegalerii.ee\/en\/wp-json\/wp\/v2\/media?parent=2707"}],"wp:term":[{"taxonomy":"product_brand","embeddable":true,"href":"https:\/\/alleegalerii.ee\/en\/wp-json\/wp\/v2\/product_brand?post=2707"},{"taxonomy":"product_cat","embeddable":true,"href":"https:\/\/alleegalerii.ee\/en\/wp-json\/wp\/v2\/product_cat?post=2707"},{"taxonomy":"product_tag","embeddable":true,"href":"https:\/\/alleegalerii.ee\/en\/wp-json\/wp\/v2\/product_tag?post=2707"}],"curies":[{"name":"wp","href":"https:\/\/api.w.org\/{rel}","templated":true}]}}