{"id":26724,"date":"2024-10-11T14:26:36","date_gmt":"2024-10-11T11:26:36","guid":{"rendered":"https:\/\/alleegalerii.ee\/?post_type=product&#038;p=26724"},"modified":"2024-10-11T15:03:47","modified_gmt":"2024-10-11T12:03:47","slug":"ilon-wikland-minu-kodulinn-haapsalu","status":"publish","type":"product","link":"https:\/\/alleegalerii.ee\/en\/shop\/ilon-wikland-minu-kodulinn-haapsalu\/","title":{"rendered":"Ilon Wikland \u201cMinu kodulinn Haapsalu\u201d"},"content":{"rendered":"","protected":false},"excerpt":{"rendered":"<p>V\u00e4rviline litograafia paberil. Raamitud.<\/p>\n<p>M\u00f5\u00f5dud: km 38 x 52,5 cm, raamiga 53 x 68 cm.<\/p>\n<p>All vasakul: 116\/150<br \/>\nAll paremal: Ilon Wikland<\/p>\n<p>Ilon Wikland (s 1930) on eesti p\u00e4ritolu kunstnik, kes on eelk\u00f5ige tuntud kui Astrid Lindgreni raamatute illustreerija. Lapsep\u00f5lve veetis ta Haapsalus, kuid 1940. aastatel emigreerus Rootsi.<\/p>\n","protected":false},"featured_media":26728,"template":"","meta":{"_acf_changed":false},"product_brand":[],"product_cat":[61,59],"product_tag":[60],"class_list":{"0":"post-26724","1":"product","2":"type-product","3":"status-publish","4":"has-post-thumbnail","6":"product_cat-graafika","7":"product_cat-e-pood","8":"product_tag-e-pood","10":"first","11":"outofstock","12":"sold-individually","13":"shipping-taxable","14":"product-type-simple"},"acf":[],"_links":{"self":[{"href":"https:\/\/alleegalerii.ee\/en\/wp-json\/wp\/v2\/product\/26724","targetHints":{"allow":["GET"]}}],"collection":[{"href":"https:\/\/alleegalerii.ee\/en\/wp-json\/wp\/v2\/product"}],"about":[{"href":"https:\/\/alleegalerii.ee\/en\/wp-json\/wp\/v2\/types\/product"}],"wp:featuredmedia":[{"embeddable":true,"href":"https:\/\/alleegalerii.ee\/en\/wp-json\/wp\/v2\/media\/26728"}],"wp:attachment":[{"href":"https:\/\/alleegalerii.ee\/en\/wp-json\/wp\/v2\/media?parent=26724"}],"wp:term":[{"taxonomy":"product_brand","embeddable":true,"href":"https:\/\/alleegalerii.ee\/en\/wp-json\/wp\/v2\/product_brand?post=26724"},{"taxonomy":"product_cat","embeddable":true,"href":"https:\/\/alleegalerii.ee\/en\/wp-json\/wp\/v2\/product_cat?post=26724"},{"taxonomy":"product_tag","embeddable":true,"href":"https:\/\/alleegalerii.ee\/en\/wp-json\/wp\/v2\/product_tag?post=26724"}],"curies":[{"name":"wp","href":"https:\/\/api.w.org\/{rel}","templated":true}]}}