{"id":26705,"date":"2024-10-08T13:23:30","date_gmt":"2024-10-08T10:23:30","guid":{"rendered":"https:\/\/alleegalerii.ee\/?post_type=product&#038;p=26705"},"modified":"2025-10-16T11:30:27","modified_gmt":"2025-10-16T08:30:27","slug":"konstantin-suvalo-riia-rand-1957","status":"publish","type":"product","link":"https:\/\/alleegalerii.ee\/en\/shop\/konstantin-suvalo-riia-rand-1957\/","title":{"rendered":"Konstantin S\u00fcvalo &#8220;Riia rand&#8221;, 1957"},"content":{"rendered":"","protected":false},"excerpt":{"rendered":"<p>M\u00dc\u00dcDUD.<\/p>\n<p>Akvarell paberil. Raamitud.<\/p>\n<p>M\u00f5\u00f5dud: Vm 35 x 27 cm, raamiga 54,5 x 45,5 cm.<\/p>\n<p>All vasakul: 5\/VII 57. K. S\u00fcvalo<\/p>\n<article id=\"post-26624\" class=\"post-single-page post-26624 post type-post status-publish format-standard hentry category-uudised\">\n<div class=\"article-inner\">\n<div class=\"article-body-container\">\n<div class=\"entry-content wd-entry-content\">\n<p>Konstantin S\u00fcvalo (kuni 1936. aastani \u0160t\u0161erbakov) s\u00fcndis Karksis vene-eesti perekonnas. Kunsti\u00f5pinguid alsustas ta 1909. aastal Venjamin Blumi erakoolis Riias ning j\u00e4tkas 1910. aastal Riia Linna Kunstikoolis, mille juhatajaks oli tuntud maastikumaalija Vilhelms Purvitis ning \u00f5ppej\u00f5ududeks niisugused meistrid nagu Janis Tilbergs ning Janis Rozentals.<\/p>\n<p>Purvitis avaldas m\u00f5ju paljudele kunstnikele ning S\u00fcvalo oli \u00fcks neid, kelle loomusele l\u00e4ti maalija l\u00e4henemine loodusele eriti vastas. Samas avaldasid talle m\u00f5ju ka muud kunstin\u00e4htused \u2013 neoimpressionism tema v\u00e4rvikamal kujul, ekspressionism, isegi kubism ja art d\u00e9co. K\u00f5ik need m\u00f5jud lahustuvad siiski tema isiklikus, vahetus loodusetunnetuses ja v\u00e4rvin\u00e4gemises. Tema kolorismis ja empaatilises suhtes kujutatava motiiviga on tema kunsti v\u00f5lu saladus.<\/p>\n<p>Peale I maailmas\u00f5ja algust seadis ta end sisse P\u00e4rnu, kus temast sai \u00fcks P\u00e4rnu kunstielu keskseid tegelasi, kelle \u00f5pilaste seas on palju nimekaid eesti kunstnikke, sh Karin Luts, Nigul Espe, Olev Soans jpt. K\u00e4esolev vaade on valminud vahetult peale t\u00f6\u00f6 l\u00f5petamist kunsti\u00f5petajana, mil kunstnik meenutas nostalgiaga oma Riias veedetud \u00f5pinguaastaid.<\/p>\n<p>&nbsp;<\/p>\n<\/div>\n<\/div>\n<\/div>\n<\/article>\n","protected":false},"featured_media":26706,"template":"","meta":{"_acf_changed":false},"product_brand":[],"product_cat":[415,54,57,59],"product_tag":[60],"class_list":{"0":"post-26705","1":"product","2":"type-product","3":"status-publish","4":"has-post-thumbnail","6":"product_cat-maal","7":"product_cat-akvarell","8":"product_cat-muudud","9":"product_cat-e-pood","10":"product_tag-e-pood","12":"first","13":"outofstock","14":"sold-individually","15":"shipping-taxable","16":"product-type-simple"},"acf":[],"_links":{"self":[{"href":"https:\/\/alleegalerii.ee\/en\/wp-json\/wp\/v2\/product\/26705","targetHints":{"allow":["GET"]}}],"collection":[{"href":"https:\/\/alleegalerii.ee\/en\/wp-json\/wp\/v2\/product"}],"about":[{"href":"https:\/\/alleegalerii.ee\/en\/wp-json\/wp\/v2\/types\/product"}],"wp:featuredmedia":[{"embeddable":true,"href":"https:\/\/alleegalerii.ee\/en\/wp-json\/wp\/v2\/media\/26706"}],"wp:attachment":[{"href":"https:\/\/alleegalerii.ee\/en\/wp-json\/wp\/v2\/media?parent=26705"}],"wp:term":[{"taxonomy":"product_brand","embeddable":true,"href":"https:\/\/alleegalerii.ee\/en\/wp-json\/wp\/v2\/product_brand?post=26705"},{"taxonomy":"product_cat","embeddable":true,"href":"https:\/\/alleegalerii.ee\/en\/wp-json\/wp\/v2\/product_cat?post=26705"},{"taxonomy":"product_tag","embeddable":true,"href":"https:\/\/alleegalerii.ee\/en\/wp-json\/wp\/v2\/product_tag?post=26705"}],"curies":[{"name":"wp","href":"https:\/\/api.w.org\/{rel}","templated":true}]}}