{"id":26692,"date":"2024-10-05T14:03:02","date_gmt":"2024-10-05T11:03:02","guid":{"rendered":"https:\/\/alleegalerii.ee\/?post_type=product&#038;p=26692"},"modified":"2024-12-04T14:11:22","modified_gmt":"2024-12-04T12:11:22","slug":"silvi-liiva-helin-1992","status":"publish","type":"product","link":"https:\/\/alleegalerii.ee\/en\/shop\/silvi-liiva-helin-1992\/","title":{"rendered":"Silvi Liiva \u201cHelin\u201d, 1992"},"content":{"rendered":"","protected":false},"excerpt":{"rendered":"<p>M\u00dc\u00dcDUD.<\/p>\n<p>Ofort paberil. Raamitud.<\/p>\n<p>M\u00f5\u00f5dud: plm 18,2 x 12, raamiga 39 x 32,5 cm.<\/p>\n<p>All vasakul: Helin. ofort. 11\/30<br \/>\nAll paremal: Silvi Liiva 1992<\/p>\n<p>L\u00f5una-Eestist V\u00e4rskast p\u00e4rit graafik Silvi Liiva (1941-2023) on oma loomingu eest v\u00f5itnud arvukalt preemiaid, sh Eduard Wiiralti graafika auhinna (elut\u00f6\u00f6preemia). Tema s\u00fcrreaalse alatooniga teoste p\u00f5hifookus on emotsioonidel, s\u00fcmbolitel, t\u00e4hendusel.<\/p>\n","protected":false},"featured_media":26693,"template":"","meta":{"_acf_changed":false},"product_brand":[],"product_cat":[61,59],"product_tag":[60],"class_list":{"0":"post-26692","1":"product","2":"type-product","3":"status-publish","4":"has-post-thumbnail","6":"product_cat-graafika","7":"product_cat-e-pood","8":"product_tag-e-pood","10":"first","11":"outofstock","12":"sold-individually","13":"shipping-taxable","14":"purchasable","15":"product-type-simple"},"acf":[],"_links":{"self":[{"href":"https:\/\/alleegalerii.ee\/en\/wp-json\/wp\/v2\/product\/26692","targetHints":{"allow":["GET"]}}],"collection":[{"href":"https:\/\/alleegalerii.ee\/en\/wp-json\/wp\/v2\/product"}],"about":[{"href":"https:\/\/alleegalerii.ee\/en\/wp-json\/wp\/v2\/types\/product"}],"wp:featuredmedia":[{"embeddable":true,"href":"https:\/\/alleegalerii.ee\/en\/wp-json\/wp\/v2\/media\/26693"}],"wp:attachment":[{"href":"https:\/\/alleegalerii.ee\/en\/wp-json\/wp\/v2\/media?parent=26692"}],"wp:term":[{"taxonomy":"product_brand","embeddable":true,"href":"https:\/\/alleegalerii.ee\/en\/wp-json\/wp\/v2\/product_brand?post=26692"},{"taxonomy":"product_cat","embeddable":true,"href":"https:\/\/alleegalerii.ee\/en\/wp-json\/wp\/v2\/product_cat?post=26692"},{"taxonomy":"product_tag","embeddable":true,"href":"https:\/\/alleegalerii.ee\/en\/wp-json\/wp\/v2\/product_tag?post=26692"}],"curies":[{"name":"wp","href":"https:\/\/api.w.org\/{rel}","templated":true}]}}