{"id":26684,"date":"2024-10-04T14:09:33","date_gmt":"2024-10-04T11:09:33","guid":{"rendered":"https:\/\/alleegalerii.ee\/?post_type=product&#038;p=26684"},"modified":"2026-01-14T16:48:52","modified_gmt":"2026-01-14T14:48:52","slug":"erich-pehap-violence-1969","status":"publish","type":"product","link":"https:\/\/alleegalerii.ee\/en\/shop\/erich-pehap-violence-1969\/","title":{"rendered":"Erich Pehap &#8220;Violence&#8221;, 1969"},"content":{"rendered":"","protected":false},"excerpt":{"rendered":"<p>\u00d5li. Raamitud.<\/p>\n<p>M\u00f5\u00f5dud: <span style=\"font-weight: 400;\">77,5 x 61,5 <\/span>cm.<\/p>\n<p>All paremal: Eric Pehap 69<\/p>\n<p>Teos oli eksponeeritud Allee galeriis 2022. aasta s\u00fcgisel toimunud Erich Pehapi isikun\u00e4itusel ja on reprodutseeritud n\u00e4ituse kataloogis lk 10.<\/p>\n<p>&nbsp;<\/p>\n<p>&nbsp;<\/p>\n","protected":false},"featured_media":26685,"template":"","meta":{"_acf_changed":false},"product_brand":[],"product_cat":[415,56,59,68],"product_tag":[60],"class_list":{"0":"post-26684","1":"product","2":"type-product","3":"status-publish","4":"has-post-thumbnail","6":"product_cat-maal","7":"product_cat-olimaal","8":"product_cat-e-pood","9":"product_cat-pastell","10":"product_tag-e-pood","12":"first","13":"instock","14":"sold-individually","15":"shipping-taxable","16":"purchasable","17":"product-type-simple"},"acf":[],"_links":{"self":[{"href":"https:\/\/alleegalerii.ee\/en\/wp-json\/wp\/v2\/product\/26684","targetHints":{"allow":["GET"]}}],"collection":[{"href":"https:\/\/alleegalerii.ee\/en\/wp-json\/wp\/v2\/product"}],"about":[{"href":"https:\/\/alleegalerii.ee\/en\/wp-json\/wp\/v2\/types\/product"}],"wp:featuredmedia":[{"embeddable":true,"href":"https:\/\/alleegalerii.ee\/en\/wp-json\/wp\/v2\/media\/26685"}],"wp:attachment":[{"href":"https:\/\/alleegalerii.ee\/en\/wp-json\/wp\/v2\/media?parent=26684"}],"wp:term":[{"taxonomy":"product_brand","embeddable":true,"href":"https:\/\/alleegalerii.ee\/en\/wp-json\/wp\/v2\/product_brand?post=26684"},{"taxonomy":"product_cat","embeddable":true,"href":"https:\/\/alleegalerii.ee\/en\/wp-json\/wp\/v2\/product_cat?post=26684"},{"taxonomy":"product_tag","embeddable":true,"href":"https:\/\/alleegalerii.ee\/en\/wp-json\/wp\/v2\/product_tag?post=26684"}],"curies":[{"name":"wp","href":"https:\/\/api.w.org\/{rel}","templated":true}]}}