{"id":26683,"date":"2024-10-04T14:08:38","date_gmt":"2024-10-04T11:08:38","guid":{"rendered":"https:\/\/alleegalerii.ee\/?post_type=product&#038;p=26683"},"modified":"2024-10-04T14:08:38","modified_gmt":"2024-10-04T11:08:38","slug":"erich-pehap-venna-portree","status":"publish","type":"product","link":"https:\/\/alleegalerii.ee\/en\/shop\/erich-pehap-venna-portree\/","title":{"rendered":"Erich Pehap \u201cVenna portree\u201d"},"content":{"rendered":"","protected":false},"excerpt":{"rendered":"<p>Pastell paberil. Raamitud.<\/p>\n<p>M\u00f5\u00f5dud: Km 50 x 36 cm.<\/p>\n<p>All keskel: ALLAN PEHAP<br \/>\nAll paremal: E. Pehap<\/p>\n<p>Erich Konstantin Pehapi elus m\u00e4ngis tema vend Allan Endel Pehap olulist rolli. Kahjuks kaotas Eestist p\u00f5genedes kunstnik temaga aastateks kontakti.<\/p>\n<p>K\u00e4esoleval, 1948. aasta pastellil n\u00e4eme poissi ennastunustavalt raamatut uurimas. Pastelli pehmusega t\u00f6\u00f6st \u00f5hkub austust ja vennalikku armastust, diivanil olevad padjad aga meenutavad koduse Viljandi tikitud diivanipatju.<\/p>\n<p>Teos oli eksponeeritud Allee galeriis 2022. aasta s\u00fcgisel toimunud Erich Pehapi isikun\u00e4itusel ja on reprodutseeritud n\u00e4ituse kataloogis lk 10.<\/p>\n<p>&nbsp;<\/p>\n<p>&nbsp;<\/p>\n","protected":false},"featured_media":14408,"template":"","meta":{"_acf_changed":false},"product_brand":[],"product_cat":[415,62,59,68],"product_tag":[60],"class_list":{"0":"post-26683","1":"product","2":"type-product","3":"status-publish","4":"has-post-thumbnail","6":"product_cat-maal","7":"product_cat-joonistus","8":"product_cat-e-pood","9":"product_cat-pastell","10":"product_tag-e-pood","12":"first","13":"instock","14":"sold-individually","15":"shipping-taxable","16":"purchasable","17":"product-type-simple"},"acf":[],"_links":{"self":[{"href":"https:\/\/alleegalerii.ee\/en\/wp-json\/wp\/v2\/product\/26683","targetHints":{"allow":["GET"]}}],"collection":[{"href":"https:\/\/alleegalerii.ee\/en\/wp-json\/wp\/v2\/product"}],"about":[{"href":"https:\/\/alleegalerii.ee\/en\/wp-json\/wp\/v2\/types\/product"}],"wp:featuredmedia":[{"embeddable":true,"href":"https:\/\/alleegalerii.ee\/en\/wp-json\/wp\/v2\/media\/14408"}],"wp:attachment":[{"href":"https:\/\/alleegalerii.ee\/en\/wp-json\/wp\/v2\/media?parent=26683"}],"wp:term":[{"taxonomy":"product_brand","embeddable":true,"href":"https:\/\/alleegalerii.ee\/en\/wp-json\/wp\/v2\/product_brand?post=26683"},{"taxonomy":"product_cat","embeddable":true,"href":"https:\/\/alleegalerii.ee\/en\/wp-json\/wp\/v2\/product_cat?post=26683"},{"taxonomy":"product_tag","embeddable":true,"href":"https:\/\/alleegalerii.ee\/en\/wp-json\/wp\/v2\/product_tag?post=26683"}],"curies":[{"name":"wp","href":"https:\/\/api.w.org\/{rel}","templated":true}]}}