{"id":26666,"date":"2024-10-02T13:45:23","date_gmt":"2024-10-02T10:45:23","guid":{"rendered":"https:\/\/alleegalerii.ee\/?post_type=product&#038;p=26666"},"modified":"2024-10-18T20:13:15","modified_gmt":"2024-10-18T17:13:15","slug":"esko-lepp-jahid-pirita-joel-1955","status":"publish","type":"product","link":"https:\/\/alleegalerii.ee\/en\/shop\/esko-lepp-jahid-pirita-joel-1955\/","title":{"rendered":"Esko Lepp &#8220;Jahid Pirita j\u00f5el&#8221;, 1955"},"content":{"rendered":"","protected":false},"excerpt":{"rendered":"<p>Akvatinta paberil. M\u00fc\u00fcgil lehe kujul. Soovi korral saame olla abiks raamimise teostamisel.<\/p>\n<p>M\u00f5\u00f5dud: plm 20,8 x 15,7 cm.<\/p>\n<p>All vasakul: &#8220;Jahid Pirita j\u00f5el&#8221; akvatinta 1955.<br \/>\nAll paremal: Esko Lepp<br \/>\nP\u00f6\u00f6rdel: H. Halliste&#8217;le m\u00e4letuseks Esko Lepp Tallinn, 25 XI 55<\/p>\n<p>R\u00e4pinas s\u00fcndinud Esko Lepp (1906-1977)\u00a0 \u00f5ppis graafikat Tallinna Riigi Kunstt\u00f6\u00f6stuskoolis, kus tema peamiseks \u00f5ppej\u00f5uks oli G\u00fcnther Reindorff. Hiljem end Tartus t\u00e4iendanud kunstnik astus 1944. aastal ka Kunstnike Liidu liikmeks ning sai tuntuks eelk\u00f5ige oma maastike ja linnavaadete poolest.<\/p>\n<p class=\"p1\">K\u00e4esolev t\u00f5mmis kuulus Herman Hallistele, tunnustatud skulptorile ja kunstikogujale, kelle ateljees toimus p\u00f5leng. &#8220;Jahid Pirita j\u00f5el&#8221; \u00f5nnestus sellest p\u00e4\u00e4sta, ent \u00e4\u00e4rtes on aja m\u00e4rgina n\u00e4ha kuumusest tekkinud j\u00e4lgi.<\/p>\n","protected":false},"featured_media":26669,"template":"","meta":{"_acf_changed":false},"product_brand":[],"product_cat":[61,57,59],"product_tag":[60],"class_list":{"0":"post-26666","1":"product","2":"type-product","3":"status-publish","4":"has-post-thumbnail","6":"product_cat-graafika","7":"product_cat-muudud","8":"product_cat-e-pood","9":"product_tag-e-pood","11":"first","12":"outofstock","13":"sold-individually","14":"shipping-taxable","15":"purchasable","16":"product-type-simple"},"acf":[],"_links":{"self":[{"href":"https:\/\/alleegalerii.ee\/en\/wp-json\/wp\/v2\/product\/26666","targetHints":{"allow":["GET"]}}],"collection":[{"href":"https:\/\/alleegalerii.ee\/en\/wp-json\/wp\/v2\/product"}],"about":[{"href":"https:\/\/alleegalerii.ee\/en\/wp-json\/wp\/v2\/types\/product"}],"wp:featuredmedia":[{"embeddable":true,"href":"https:\/\/alleegalerii.ee\/en\/wp-json\/wp\/v2\/media\/26669"}],"wp:attachment":[{"href":"https:\/\/alleegalerii.ee\/en\/wp-json\/wp\/v2\/media?parent=26666"}],"wp:term":[{"taxonomy":"product_brand","embeddable":true,"href":"https:\/\/alleegalerii.ee\/en\/wp-json\/wp\/v2\/product_brand?post=26666"},{"taxonomy":"product_cat","embeddable":true,"href":"https:\/\/alleegalerii.ee\/en\/wp-json\/wp\/v2\/product_cat?post=26666"},{"taxonomy":"product_tag","embeddable":true,"href":"https:\/\/alleegalerii.ee\/en\/wp-json\/wp\/v2\/product_tag?post=26666"}],"curies":[{"name":"wp","href":"https:\/\/api.w.org\/{rel}","templated":true}]}}