{"id":26654,"date":"2024-10-02T09:59:06","date_gmt":"2024-10-02T06:59:06","guid":{"rendered":"https:\/\/alleegalerii.ee\/?post_type=product&#038;p=26654"},"modified":"2024-10-22T13:50:21","modified_gmt":"2024-10-22T10:50:21","slug":"esko-lepp-hiiumaa-rand-1955","status":"publish","type":"product","link":"https:\/\/alleegalerii.ee\/en\/shop\/esko-lepp-hiiumaa-rand-1955\/","title":{"rendered":"Esko Lepp &#8220;Hiiumaa rand&#8221;, 1955"},"content":{"rendered":"","protected":false},"excerpt":{"rendered":"<p>M\u00dc\u00dcDUD.<\/p>\n<p>Akvatinta paberil.<\/p>\n<p>M\u00f5\u00f5dud: plm 23,7 x 30,5 cm.<\/p>\n<p>All vasakul: &#8220;Hiiumaa rand&#8221; akvatinta 1955.<br \/>\nAll paremal: Esko Lepp<br \/>\nP\u00f6\u00f6rdel: H. Halliste&#8217;le m\u00e4letuseks Esko Lepp 25 XI 55<\/p>\n<p>R\u00e4pinas s\u00fcndinud Esko Lepp (1906-1977)\u00a0 \u00f5ppis graafikat Tallinna Riigi Kunstt\u00f6\u00f6stuskoolis, kus tema peamiseks \u00f5ppej\u00f5uks oli G\u00fcnther Reindorff. Hiljem end Tartus t\u00e4iendanud kunstnik astus 1944. aastal ka Kunstnike Liidu liikmeks ning sai tuntuks eelk\u00f5ige oma maastike ja linnavaadete poolest.<\/p>\n<p class=\"p1\">T\u00f6\u00f6 kuulus Herman Hallistele, tunnustatud skulptorile ja kunstikogujale, kelle ateljees toimus p\u00f5leng. K\u00e4esolev teos \u00f5nnestus sellest p\u00e4\u00e4sta, ent \u00e4\u00e4rtes on aja m\u00e4rgina n\u00e4ha kuumusest tekkinud j\u00e4lgi.<\/p>\n<p>M\u00fc\u00fcgil raamimata kujul. Soovi korral saame olla abiks raamimise teostamisel.<\/p>\n","protected":false},"featured_media":26660,"template":"","meta":{"_acf_changed":false},"product_brand":[],"product_cat":[61,57,59],"product_tag":[60],"class_list":{"0":"post-26654","1":"product","2":"type-product","3":"status-publish","4":"has-post-thumbnail","6":"product_cat-graafika","7":"product_cat-muudud","8":"product_cat-e-pood","9":"product_tag-e-pood","11":"first","12":"outofstock","13":"sold-individually","14":"shipping-taxable","15":"purchasable","16":"product-type-simple"},"acf":[],"_links":{"self":[{"href":"https:\/\/alleegalerii.ee\/en\/wp-json\/wp\/v2\/product\/26654","targetHints":{"allow":["GET"]}}],"collection":[{"href":"https:\/\/alleegalerii.ee\/en\/wp-json\/wp\/v2\/product"}],"about":[{"href":"https:\/\/alleegalerii.ee\/en\/wp-json\/wp\/v2\/types\/product"}],"wp:featuredmedia":[{"embeddable":true,"href":"https:\/\/alleegalerii.ee\/en\/wp-json\/wp\/v2\/media\/26660"}],"wp:attachment":[{"href":"https:\/\/alleegalerii.ee\/en\/wp-json\/wp\/v2\/media?parent=26654"}],"wp:term":[{"taxonomy":"product_brand","embeddable":true,"href":"https:\/\/alleegalerii.ee\/en\/wp-json\/wp\/v2\/product_brand?post=26654"},{"taxonomy":"product_cat","embeddable":true,"href":"https:\/\/alleegalerii.ee\/en\/wp-json\/wp\/v2\/product_cat?post=26654"},{"taxonomy":"product_tag","embeddable":true,"href":"https:\/\/alleegalerii.ee\/en\/wp-json\/wp\/v2\/product_tag?post=26654"}],"curies":[{"name":"wp","href":"https:\/\/api.w.org\/{rel}","templated":true}]}}