{"id":26637,"date":"2024-09-27T13:42:14","date_gmt":"2024-09-27T10:42:14","guid":{"rendered":"https:\/\/alleegalerii.ee\/?post_type=product&#038;p=26637"},"modified":"2025-04-26T13:33:00","modified_gmt":"2025-04-26T10:33:00","slug":"eduard-wiiralt-figuraalne-kompositsioon-madonnaga-1920","status":"publish","type":"product","link":"https:\/\/alleegalerii.ee\/en\/shop\/eduard-wiiralt-figuraalne-kompositsioon-madonnaga-1920\/","title":{"rendered":"Eduard Wiiralt &#8220;Figuraalne kompositsioon Madonnaga&#8221;, 1920"},"content":{"rendered":"","protected":false},"excerpt":{"rendered":"<p>Linooll\u00f5ige paberil. Raamitud.<\/p>\n<p>M\u00f5\u00f5dud: km 26,5 x 15,8 cm, raamiga 56,5 x 44 cm.<\/p>\n<p>All paremal plaadil: EW MCMXX<\/p>\n<p><span style=\"font-weight: 400;\">Eesti esigraafik Eduard Wiiralt l\u00f5petas kunstikooli Pallas 1924. aastal graafiku ja kujurina. Andeka \u00f5pilasena j\u00e4tkas ta samas koolis graafika \u00f5petamisega. Peale seda suundus Wiiralt kunstikeskusesse Pariisi, mille inspireeriv keskkond oli tema koduks tervelt 14 aastat. 1939. aasta septembris naases kunstnik Eestisse.<\/span><\/p>\n<p><span style=\"font-weight: 400;\">Teos p\u00e4rineb linooll\u00f5igete mapist &#8220;Eduard Wiiralt MCMXX&#8221;<\/span><\/p>\n","protected":false},"featured_media":26640,"template":"","meta":{"_acf_changed":false},"product_brand":[],"product_cat":[61,57,59],"product_tag":[60],"class_list":{"0":"post-26637","1":"product","2":"type-product","3":"status-publish","4":"has-post-thumbnail","6":"product_cat-graafika","7":"product_cat-muudud","8":"product_cat-e-pood","9":"product_tag-e-pood","11":"first","12":"outofstock","13":"sold-individually","14":"shipping-taxable","15":"purchasable","16":"product-type-simple"},"acf":[],"_links":{"self":[{"href":"https:\/\/alleegalerii.ee\/en\/wp-json\/wp\/v2\/product\/26637","targetHints":{"allow":["GET"]}}],"collection":[{"href":"https:\/\/alleegalerii.ee\/en\/wp-json\/wp\/v2\/product"}],"about":[{"href":"https:\/\/alleegalerii.ee\/en\/wp-json\/wp\/v2\/types\/product"}],"wp:featuredmedia":[{"embeddable":true,"href":"https:\/\/alleegalerii.ee\/en\/wp-json\/wp\/v2\/media\/26640"}],"wp:attachment":[{"href":"https:\/\/alleegalerii.ee\/en\/wp-json\/wp\/v2\/media?parent=26637"}],"wp:term":[{"taxonomy":"product_brand","embeddable":true,"href":"https:\/\/alleegalerii.ee\/en\/wp-json\/wp\/v2\/product_brand?post=26637"},{"taxonomy":"product_cat","embeddable":true,"href":"https:\/\/alleegalerii.ee\/en\/wp-json\/wp\/v2\/product_cat?post=26637"},{"taxonomy":"product_tag","embeddable":true,"href":"https:\/\/alleegalerii.ee\/en\/wp-json\/wp\/v2\/product_tag?post=26637"}],"curies":[{"name":"wp","href":"https:\/\/api.w.org\/{rel}","templated":true}]}}