{"id":26636,"date":"2024-09-27T14:18:17","date_gmt":"2024-09-27T11:18:17","guid":{"rendered":"https:\/\/alleegalerii.ee\/?post_type=product&#038;p=26636"},"modified":"2024-11-09T17:59:52","modified_gmt":"2024-11-09T15:59:52","slug":"eduard-wiiralt-eide-portree-1918","status":"publish","type":"product","link":"https:\/\/alleegalerii.ee\/en\/shop\/eduard-wiiralt-eide-portree-1918\/","title":{"rendered":"Eduard Wiiralt &#8220;Eide portree&#8221;, 1918"},"content":{"rendered":"","protected":false},"excerpt":{"rendered":"<p>M\u00dc\u00dcDUD.<\/p>\n<p>Ofort paberil. Raamitud.<\/p>\n<p>M\u00f5\u00f5dud: Plm 21.4 x 13 cm, raamiga 52 x 46 cm.<\/p>\n<p>All paremal: EViiralt V 918<\/p>\n<p>\u201cEide portree\u201d valmis Eduard Wiiraltil kunsti\u00f5pingute ajal, ent juba on tunda huvi inimese olemuse edasi andmise vastu ning loomulikult virtuooslik joonistusoskus. Tundlikult on ta kujutanud eide kortsus n\u00e4gu ning t\u00f5stetud kulmukaart. Naise pilk vaatab m\u00f5tlikult kaugusse, meenutamaks noorusp\u00f5lve.<\/p>\n<p>&nbsp;<\/p>\n","protected":false},"featured_media":26644,"template":"","meta":{"_acf_changed":false},"product_brand":[],"product_cat":[61,57,59],"product_tag":[60],"class_list":{"0":"post-26636","1":"product","2":"type-product","3":"status-publish","4":"has-post-thumbnail","6":"product_cat-graafika","7":"product_cat-muudud","8":"product_cat-e-pood","9":"product_tag-e-pood","11":"first","12":"outofstock","13":"sold-individually","14":"shipping-taxable","15":"purchasable","16":"product-type-simple"},"acf":[],"_links":{"self":[{"href":"https:\/\/alleegalerii.ee\/en\/wp-json\/wp\/v2\/product\/26636","targetHints":{"allow":["GET"]}}],"collection":[{"href":"https:\/\/alleegalerii.ee\/en\/wp-json\/wp\/v2\/product"}],"about":[{"href":"https:\/\/alleegalerii.ee\/en\/wp-json\/wp\/v2\/types\/product"}],"wp:featuredmedia":[{"embeddable":true,"href":"https:\/\/alleegalerii.ee\/en\/wp-json\/wp\/v2\/media\/26644"}],"wp:attachment":[{"href":"https:\/\/alleegalerii.ee\/en\/wp-json\/wp\/v2\/media?parent=26636"}],"wp:term":[{"taxonomy":"product_brand","embeddable":true,"href":"https:\/\/alleegalerii.ee\/en\/wp-json\/wp\/v2\/product_brand?post=26636"},{"taxonomy":"product_cat","embeddable":true,"href":"https:\/\/alleegalerii.ee\/en\/wp-json\/wp\/v2\/product_cat?post=26636"},{"taxonomy":"product_tag","embeddable":true,"href":"https:\/\/alleegalerii.ee\/en\/wp-json\/wp\/v2\/product_tag?post=26636"}],"curies":[{"name":"wp","href":"https:\/\/api.w.org\/{rel}","templated":true}]}}