{"id":26620,"date":"2024-09-26T13:45:52","date_gmt":"2024-09-26T10:45:52","guid":{"rendered":"https:\/\/alleegalerii.ee\/?post_type=product&#038;p=26620"},"modified":"2025-09-19T12:48:26","modified_gmt":"2025-09-19T09:48:26","slug":"mai-levin-konstantin-suvalo-luhimonograafia-ja-naituse-kataloog-2024","status":"publish","type":"product","link":"https:\/\/alleegalerii.ee\/en\/shop\/mai-levin-konstantin-suvalo-luhimonograafia-ja-naituse-kataloog-2024\/","title":{"rendered":"Mai Levin &#8220;Konstantin S\u00fcvalo&#8221; &#8211; l\u00fchimonograafia ja n\u00e4ituse kataloog, 2024"},"content":{"rendered":"","protected":false},"excerpt":{"rendered":"<p>Pehmed kaaned, 64 lk.<\/p>\n<p>Allee kirjastuse l\u00fchimonograafiate sarjast on ilmunud uus kunstiraamat &#8220;Konstantin S\u00fcvalo&#8221;. Kunstiteadlase Mai Levini \u00fclevaade kunstniku loomingust kaasneb 26.09-16.10 Allee galeriis toimuva n\u00e4itusega. Raamatu l\u00f5pus on seega kataloogiosa 13 n\u00e4itusel olevast maalist.<\/p>\n<p>Konstantin S\u00fcvalo (kuni 1936. aastani \u0160t\u0161erbakov, Schtscherbakoff, S\u010derbakoff) s\u00fcndis Karksis vene-eesti perekonnas. Kunsti\u00f5pinguid alustas ta Venjamin Blumi erakoolis Riias ja aastal 1910 astus ta Riia Linna Kunstikooli, mille juhatajaks oli tuntud maastikumaalija Vilhelms Purv\u012btis ning \u00f5ppej\u00f5ududeks niisugused meistrid nagu J\u0101nis Tilbergs ning Janis Rozent\u0101ls. Temaga \u00fcheaegselt \u00f5ppisid seal Villem Ormisson, Jaan Vahtra, August Pulst ning Jaan Vanakamar. Purv\u012btis avaldas m\u00f5ju paljudele kunstnikele ning S\u00fcvalo oli \u00fcks neid, kelle loomusele l\u00e4ti maalija l\u00e4henemine loodusele eriti vastas. Samas avaldasid talle m\u00f5ju ka muud kunstin\u00e4htused \u2013 neoimpressionism tema v\u00e4rvikamal kujul, ekspressionism, isegi kubism ja art d\u00e9co. K\u00f5ik need m\u00f5jud lahustuvad siiski tema isiklikus, vahetus loodusetunnetuses ja v\u00e4rvin\u00e4gemises. Tema kolorismis ja empaatilises suhtes kujutatava motiiviga on tema kunsti v\u00f5lu saladus.<\/p>\n<p>I maailmas\u00f5da t\u00f5i ta tagasi Eestisse ja nimelt P\u00e4rnu, kus ta t\u00f6\u00f6tas joonistus\u00f5petajana 1955. aastani. Ta oli \u00fcks P\u00e4rnu kunstielu keskseid tegelasi, kelle \u00f5pilaste seas on palju nimekaid eesti kunstnikke.<\/p>\n","protected":false},"featured_media":26621,"template":"","meta":{"_acf_changed":false},"product_brand":[],"product_cat":[55,59],"product_tag":[],"class_list":{"0":"post-26620","1":"product","2":"type-product","3":"status-publish","4":"has-post-thumbnail","6":"product_cat-raamatud","7":"product_cat-e-pood","9":"first","10":"instock","11":"shipping-taxable","12":"purchasable","13":"product-type-simple"},"acf":[],"_links":{"self":[{"href":"https:\/\/alleegalerii.ee\/en\/wp-json\/wp\/v2\/product\/26620","targetHints":{"allow":["GET"]}}],"collection":[{"href":"https:\/\/alleegalerii.ee\/en\/wp-json\/wp\/v2\/product"}],"about":[{"href":"https:\/\/alleegalerii.ee\/en\/wp-json\/wp\/v2\/types\/product"}],"wp:featuredmedia":[{"embeddable":true,"href":"https:\/\/alleegalerii.ee\/en\/wp-json\/wp\/v2\/media\/26621"}],"wp:attachment":[{"href":"https:\/\/alleegalerii.ee\/en\/wp-json\/wp\/v2\/media?parent=26620"}],"wp:term":[{"taxonomy":"product_brand","embeddable":true,"href":"https:\/\/alleegalerii.ee\/en\/wp-json\/wp\/v2\/product_brand?post=26620"},{"taxonomy":"product_cat","embeddable":true,"href":"https:\/\/alleegalerii.ee\/en\/wp-json\/wp\/v2\/product_cat?post=26620"},{"taxonomy":"product_tag","embeddable":true,"href":"https:\/\/alleegalerii.ee\/en\/wp-json\/wp\/v2\/product_tag?post=26620"}],"curies":[{"name":"wp","href":"https:\/\/api.w.org\/{rel}","templated":true}]}}