{"id":26603,"date":"2024-09-24T17:25:53","date_gmt":"2024-09-24T14:25:53","guid":{"rendered":"https:\/\/alleegalerii.ee\/?post_type=product&#038;p=26603"},"modified":"2024-10-02T16:54:32","modified_gmt":"2024-10-02T13:54:32","slug":"sergei-inkatov-esterday","status":"publish","type":"product","link":"https:\/\/alleegalerii.ee\/en\/shop\/sergei-inkatov-esterday\/","title":{"rendered":"Sergei Inkatov &#8220;Esterday&#8221;, 2018"},"content":{"rendered":"","protected":false},"excerpt":{"rendered":"<p>\u00d5li l\u00f5uendil.<\/p>\n<p>M\u00f5\u00f5dud: 70 x 90 cm.<\/p>\n<p>All vasakul: S. INKATOV<br \/>\nP\u00f6\u00f6rdel: SERGEI INKATOV &#8220;ESTERDAY&#8221; OIL\/CANVAS, 70&#215;90 cm. 2018.<\/p>\n<p>Sergei Inkatovi teosed on t\u00e4is emotsioone ja kirge. Tema l\u00f5uendeil \u00e4rkab lisaks v\u00e4rvidele ja kujunditele ellu energia, mis oma pulbitseva j\u00f5uga ergutab ka k\u00f5ige tagasihoidlikuma meelega vaataja elule.<\/p>\n","protected":false},"featured_media":26606,"template":"","meta":{"_acf_changed":false},"product_brand":[],"product_cat":[415,56,59],"product_tag":[60],"class_list":{"0":"post-26603","1":"product","2":"type-product","3":"status-publish","4":"has-post-thumbnail","6":"product_cat-maal","7":"product_cat-olimaal","8":"product_cat-e-pood","9":"product_tag-e-pood","11":"first","12":"instock","13":"sold-individually","14":"shipping-taxable","15":"purchasable","16":"product-type-simple"},"acf":[],"_links":{"self":[{"href":"https:\/\/alleegalerii.ee\/en\/wp-json\/wp\/v2\/product\/26603","targetHints":{"allow":["GET"]}}],"collection":[{"href":"https:\/\/alleegalerii.ee\/en\/wp-json\/wp\/v2\/product"}],"about":[{"href":"https:\/\/alleegalerii.ee\/en\/wp-json\/wp\/v2\/types\/product"}],"wp:featuredmedia":[{"embeddable":true,"href":"https:\/\/alleegalerii.ee\/en\/wp-json\/wp\/v2\/media\/26606"}],"wp:attachment":[{"href":"https:\/\/alleegalerii.ee\/en\/wp-json\/wp\/v2\/media?parent=26603"}],"wp:term":[{"taxonomy":"product_brand","embeddable":true,"href":"https:\/\/alleegalerii.ee\/en\/wp-json\/wp\/v2\/product_brand?post=26603"},{"taxonomy":"product_cat","embeddable":true,"href":"https:\/\/alleegalerii.ee\/en\/wp-json\/wp\/v2\/product_cat?post=26603"},{"taxonomy":"product_tag","embeddable":true,"href":"https:\/\/alleegalerii.ee\/en\/wp-json\/wp\/v2\/product_tag?post=26603"}],"curies":[{"name":"wp","href":"https:\/\/api.w.org\/{rel}","templated":true}]}}