{"id":26597,"date":"2024-09-24T15:42:31","date_gmt":"2024-09-24T12:42:31","guid":{"rendered":"https:\/\/alleegalerii.ee\/?post_type=product&#038;p=26597"},"modified":"2025-01-23T14:37:03","modified_gmt":"2025-01-23T12:37:03","slug":"juri-ristna-pruut","status":"publish","type":"product","link":"https:\/\/alleegalerii.ee\/en\/shop\/juri-ristna-pruut\/","title":{"rendered":"J\u00fcri Ristna &#8220;Pruut&#8221;"},"content":{"rendered":"","protected":false},"excerpt":{"rendered":"<p>\u00d5li kartongil. Raamitud.<\/p>\n<p>M\u00f5\u00f5dud: 27 x 22 cm.<\/p>\n<p>All vasakul: SIR-NAT<\/p>\n<p><span style=\"font-weight: 400;\">Viimase paarik\u00fcmne aasta jooksul on Eesti kunstielus omamoodi n\u00e4htuseks kujunenud J\u00fcri Ristna (1950-2012) looming, kelle teoste paremikku otsitakse tikutulega. 1980. aastal asus ta spordit\u00f6\u00f6 k\u00f5rvalt kaug\u00f5ppekursustele kunsti \u00f5ppima ning leidis peagi tee V\u00f5rumaale K\u00fctiorgu Eetla ja Valdur Ohaka suvekodusse. Ristna tegutseski peamiselt L\u00f5una-Eestis ja pidas seal kunstikooli, ent ametlikult Kunstnike Liitu ei astunud. <\/span><\/p>\n","protected":false},"featured_media":26600,"template":"","meta":{"_acf_changed":false},"product_brand":[],"product_cat":[415,56,59],"product_tag":[60],"class_list":{"0":"post-26597","1":"product","2":"type-product","3":"status-publish","4":"has-post-thumbnail","6":"product_cat-maal","7":"product_cat-olimaal","8":"product_cat-e-pood","9":"product_tag-e-pood","11":"first","12":"outofstock","13":"sold-individually","14":"shipping-taxable","15":"purchasable","16":"product-type-simple"},"acf":[],"_links":{"self":[{"href":"https:\/\/alleegalerii.ee\/en\/wp-json\/wp\/v2\/product\/26597","targetHints":{"allow":["GET"]}}],"collection":[{"href":"https:\/\/alleegalerii.ee\/en\/wp-json\/wp\/v2\/product"}],"about":[{"href":"https:\/\/alleegalerii.ee\/en\/wp-json\/wp\/v2\/types\/product"}],"wp:featuredmedia":[{"embeddable":true,"href":"https:\/\/alleegalerii.ee\/en\/wp-json\/wp\/v2\/media\/26600"}],"wp:attachment":[{"href":"https:\/\/alleegalerii.ee\/en\/wp-json\/wp\/v2\/media?parent=26597"}],"wp:term":[{"taxonomy":"product_brand","embeddable":true,"href":"https:\/\/alleegalerii.ee\/en\/wp-json\/wp\/v2\/product_brand?post=26597"},{"taxonomy":"product_cat","embeddable":true,"href":"https:\/\/alleegalerii.ee\/en\/wp-json\/wp\/v2\/product_cat?post=26597"},{"taxonomy":"product_tag","embeddable":true,"href":"https:\/\/alleegalerii.ee\/en\/wp-json\/wp\/v2\/product_tag?post=26597"}],"curies":[{"name":"wp","href":"https:\/\/api.w.org\/{rel}","templated":true}]}}