{"id":26572,"date":"2024-09-20T17:46:47","date_gmt":"2024-09-20T14:46:47","guid":{"rendered":"https:\/\/alleegalerii.ee\/?post_type=product&#038;p=26572"},"modified":"2024-09-21T12:59:14","modified_gmt":"2024-09-21T09:59:14","slug":"rene-kari-kunstiprojekt-keha-kui-kunstiteos","status":"publish","type":"product","link":"https:\/\/alleegalerii.ee\/en\/shop\/rene-kari-kunstiprojekt-keha-kui-kunstiteos\/","title":{"rendered":"Ren\u00e9 Kari. Kunstiprojekt &#8220;Keha kui kunstiteos&#8221;"},"content":{"rendered":"","protected":false},"excerpt":{"rendered":"<p>Teose arengulugu l\u00e4bi aastak\u00fcmnete.<br \/>\nKunstiprojekti kuulub 25 raamitud fotot.<\/p>\n<p>&#8220;Kari elukestev autobiograafiline kehakunsti projekt h\u00f5lmab viimast poolsajandit ning v\u00e4ljendub igal aastal suvel enda kehast t\u00e4isfiguurse foto tegemist. Alati valib Kari enda j\u00e4\u00e4dvustamiseks m\u00f5ne k\u00f5rgema koha (n\u00e4iteks kivihunnik) ja poseerib alati samas poosis. Selle h\u00e4mmastava j\u00e4rjekindlusega teostatava projekti idee seisneb \u00fchelt poolt kehalise ilu \u00fclistamises \u2013 Rene Kari on suurep\u00e4rases f\u00fc\u00fcsilises vormis, teiselt poolt aga veelgi h\u00e4mmastama panevas fenomenis: nimelt tundub fotodelt, et 73-aastane kunstnik pole aastak\u00fcmnete jooksul \u00fcldse kehaliselt muutunud ning n\u00e4eb n\u00fc\u00fcd v\u00e4lja palju parem kui 30-aastaselt. S\u00f5na \u201etundub\u201c kasutamine osutub reaalsusega kokku puutudes m\u00f5ttetuks &#8211; Rene Kari ONGI arendanud raudse distsipliini abil endast antiikset m\u00fctoloogilist kangelast meenutava nimetu tegelaskuju, kes kehastab kehaliselt igavest noorust ja j\u00f5udu&#8221; kirjutab Rene Kari isikun\u00e4ituse &#8220;Ahvatlev geomeetria&#8221; kuraator, kunstiteadlane Harry Liivrand.<\/p>\n<div dir=\"auto\">Kuraator j\u00e4tkab: &#8220;Rene Kari kontseptuaalne kehaprojekt on sellisel kujul ja fotomeediumis ainulaadne. Teatud ideelisi analooge leiab ainult graafikast ja maalikunstist seriaalsete, aastak\u00fcmneid kestvate sama motiivile keskenduvate joonistuste v\u00f5i maalide n\u00e4ol (n\u00e4iteks m\u00f5ni kunstnik maalib iga p\u00e4ev uue alanud p\u00e4eva kuup\u00e4eva, ja nii mitu aastak\u00fcmmet jne). Olles oma keha t\u00e4helepanelik modelleerija, otsib ta f\u00fc\u00fcsilise arendamise kaudu teed vananemise vastu ja esteetilisele t\u00e4iusele, eesm\u00e4rgiks vormida sellest antiiksete iluideaalidele vastav kunstiteos. Nagu \u00fctlesid vanad kreeklased: terves kehas terve vaim!&#8221;<\/div>\n<p>Teos on eksponeeritud Rene Kari isikun\u00e4itusel Allee galeriis, Uus tn 7, Tallinn (avatud 19.09-9.10.2024).<\/p>\n<p>&nbsp;<\/p>\n","protected":false},"featured_media":26573,"template":"","meta":{"_acf_changed":false},"product_brand":[],"product_cat":[415,56,59],"product_tag":[60],"class_list":{"0":"post-26572","1":"product","2":"type-product","3":"status-publish","4":"has-post-thumbnail","6":"product_cat-maal","7":"product_cat-olimaal","8":"product_cat-e-pood","9":"product_tag-e-pood","11":"first","12":"instock","13":"sold-individually","14":"shipping-taxable","15":"purchasable","16":"product-type-simple"},"acf":[],"_links":{"self":[{"href":"https:\/\/alleegalerii.ee\/en\/wp-json\/wp\/v2\/product\/26572","targetHints":{"allow":["GET"]}}],"collection":[{"href":"https:\/\/alleegalerii.ee\/en\/wp-json\/wp\/v2\/product"}],"about":[{"href":"https:\/\/alleegalerii.ee\/en\/wp-json\/wp\/v2\/types\/product"}],"wp:featuredmedia":[{"embeddable":true,"href":"https:\/\/alleegalerii.ee\/en\/wp-json\/wp\/v2\/media\/26573"}],"wp:attachment":[{"href":"https:\/\/alleegalerii.ee\/en\/wp-json\/wp\/v2\/media?parent=26572"}],"wp:term":[{"taxonomy":"product_brand","embeddable":true,"href":"https:\/\/alleegalerii.ee\/en\/wp-json\/wp\/v2\/product_brand?post=26572"},{"taxonomy":"product_cat","embeddable":true,"href":"https:\/\/alleegalerii.ee\/en\/wp-json\/wp\/v2\/product_cat?post=26572"},{"taxonomy":"product_tag","embeddable":true,"href":"https:\/\/alleegalerii.ee\/en\/wp-json\/wp\/v2\/product_tag?post=26572"}],"curies":[{"name":"wp","href":"https:\/\/api.w.org\/{rel}","templated":true}]}}