{"id":26500,"date":"2024-09-20T15:50:48","date_gmt":"2024-09-20T12:50:48","guid":{"rendered":"https:\/\/alleegalerii.ee\/?post_type=product&#038;p=26500"},"modified":"2024-09-20T18:27:34","modified_gmt":"2024-09-20T15:27:34","slug":"rene-kari-geomeetria-6-a-2024","status":"publish","type":"product","link":"https:\/\/alleegalerii.ee\/en\/shop\/rene-kari-geomeetria-6-a-2024\/","title":{"rendered":"Ren\u00e9 Kari &#8220;Geomeetria 6 A&#8221;, 2024"},"content":{"rendered":"","protected":false},"excerpt":{"rendered":"<p>\u00d5li, kartong. Raamitud.<\/p>\n<p>M\u00f5\u00f5dud: 72 x 47 cm.<\/p>\n<p>All paremal: RK24<\/p>\n<p>T\u00f6\u00f6d on v\u00f5imalik soetada koos teosega &#8220;Geomeetria 6 B&#8221;. Sellisel juhul on hind m\u00f5lema eest kokku 3500\u20ac.<\/p>\n<p>Teos on eksponeeritud Ren\u00e9 Kari isikun\u00e4itusel Allee galeriis, Uus tn 7, Tallinn (avatud 19.09-9.10.2024)<\/p>\n","protected":false},"featured_media":26511,"template":"","meta":{"_acf_changed":false},"product_brand":[],"product_cat":[415,56,59],"product_tag":[60],"class_list":{"0":"post-26500","1":"product","2":"type-product","3":"status-publish","4":"has-post-thumbnail","6":"product_cat-maal","7":"product_cat-olimaal","8":"product_cat-e-pood","9":"product_tag-e-pood","11":"first","12":"instock","13":"sold-individually","14":"shipping-taxable","15":"purchasable","16":"product-type-simple"},"acf":[],"_links":{"self":[{"href":"https:\/\/alleegalerii.ee\/en\/wp-json\/wp\/v2\/product\/26500","targetHints":{"allow":["GET"]}}],"collection":[{"href":"https:\/\/alleegalerii.ee\/en\/wp-json\/wp\/v2\/product"}],"about":[{"href":"https:\/\/alleegalerii.ee\/en\/wp-json\/wp\/v2\/types\/product"}],"wp:featuredmedia":[{"embeddable":true,"href":"https:\/\/alleegalerii.ee\/en\/wp-json\/wp\/v2\/media\/26511"}],"wp:attachment":[{"href":"https:\/\/alleegalerii.ee\/en\/wp-json\/wp\/v2\/media?parent=26500"}],"wp:term":[{"taxonomy":"product_brand","embeddable":true,"href":"https:\/\/alleegalerii.ee\/en\/wp-json\/wp\/v2\/product_brand?post=26500"},{"taxonomy":"product_cat","embeddable":true,"href":"https:\/\/alleegalerii.ee\/en\/wp-json\/wp\/v2\/product_cat?post=26500"},{"taxonomy":"product_tag","embeddable":true,"href":"https:\/\/alleegalerii.ee\/en\/wp-json\/wp\/v2\/product_tag?post=26500"}],"curies":[{"name":"wp","href":"https:\/\/api.w.org\/{rel}","templated":true}]}}