{"id":26486,"date":"2024-09-20T11:20:23","date_gmt":"2024-09-20T08:20:23","guid":{"rendered":"https:\/\/alleegalerii.ee\/?post_type=product&#038;p=26486"},"modified":"2024-09-21T12:58:37","modified_gmt":"2024-09-21T09:58:37","slug":"rene-kari-kehageomeetria-2024","status":"publish","type":"product","link":"https:\/\/alleegalerii.ee\/en\/shop\/rene-kari-kehageomeetria-2024\/","title":{"rendered":"Ren\u00e9 Kari &#8220;Kehageomeetria&#8221;, 2024"},"content":{"rendered":"","protected":false},"excerpt":{"rendered":"<p>\u00d5li kartong, 2024.<\/p>\n<p>M\u00f5\u00f5dud: 75 x 75 cm.<\/p>\n<p>Rene Kari (s\u00fcnd. 1954) nii loob kunsti kui on l\u00e4bi oma teadlikult antiikskulptuuriks vormitud keha ka ise kunst. Tema abstraktseist teosteist leiame s\u00fcgavate eneseotsingute organiseeritud tulemi. Algusest peale otsib Kari esteetilist koefitsienti, mida saaks saavutada tehnika abil. Tema t\u00f6\u00f6de konstruktiivne struktuur sisaldab peale selle oma visuaalses pooles alateadvusest t\u00f5ukuvat \u00fclimat poeetilisust.<\/p>\n<p>K\u00e4esolev teos on eksponeeritud Rene Kari isikun\u00e4itusel Allee galeriis, Uus tn 7, Tallinn (avatud 19.09-9.10.2024) ning on n\u00e4ituse kaanepildiks.<\/p>\n","protected":false},"featured_media":26487,"template":"","meta":{"_acf_changed":false},"product_brand":[],"product_cat":[415,56,59],"product_tag":[60],"class_list":{"0":"post-26486","1":"product","2":"type-product","3":"status-publish","4":"has-post-thumbnail","6":"product_cat-maal","7":"product_cat-olimaal","8":"product_cat-e-pood","9":"product_tag-e-pood","11":"first","12":"instock","13":"sold-individually","14":"shipping-taxable","15":"purchasable","16":"product-type-simple"},"acf":[],"_links":{"self":[{"href":"https:\/\/alleegalerii.ee\/en\/wp-json\/wp\/v2\/product\/26486","targetHints":{"allow":["GET"]}}],"collection":[{"href":"https:\/\/alleegalerii.ee\/en\/wp-json\/wp\/v2\/product"}],"about":[{"href":"https:\/\/alleegalerii.ee\/en\/wp-json\/wp\/v2\/types\/product"}],"wp:featuredmedia":[{"embeddable":true,"href":"https:\/\/alleegalerii.ee\/en\/wp-json\/wp\/v2\/media\/26487"}],"wp:attachment":[{"href":"https:\/\/alleegalerii.ee\/en\/wp-json\/wp\/v2\/media?parent=26486"}],"wp:term":[{"taxonomy":"product_brand","embeddable":true,"href":"https:\/\/alleegalerii.ee\/en\/wp-json\/wp\/v2\/product_brand?post=26486"},{"taxonomy":"product_cat","embeddable":true,"href":"https:\/\/alleegalerii.ee\/en\/wp-json\/wp\/v2\/product_cat?post=26486"},{"taxonomy":"product_tag","embeddable":true,"href":"https:\/\/alleegalerii.ee\/en\/wp-json\/wp\/v2\/product_tag?post=26486"}],"curies":[{"name":"wp","href":"https:\/\/api.w.org\/{rel}","templated":true}]}}