{"id":26431,"date":"2025-06-20T15:35:32","date_gmt":"2025-06-20T12:35:32","guid":{"rendered":"https:\/\/alleegalerii.ee\/?post_type=product&#038;p=26431"},"modified":"2026-04-05T17:03:18","modified_gmt":"2026-04-05T14:03:18","slug":"evi-kaur-valged-pojengid-2000","status":"publish","type":"product","link":"https:\/\/alleegalerii.ee\/en\/shop\/evi-kaur-valged-pojengid-2000\/","title":{"rendered":"Evi Kaur \u201cValged pojengid\u201d, 2000"},"content":{"rendered":"","protected":false},"excerpt":{"rendered":"<p>M\u00dc\u00dcDUD.<\/p>\n<p>\u00d5li masoniidil. Raamitud.<\/p>\n<p>M\u00f5\u00f5dud: 60 x 48 cm, raamiga 66 x 53,5 cm.<\/p>\n<p>All paremal: EK. 2000<\/p>\n<p class=\"p1\">Viljandis elav ja Tartu Kunstikoolis Harri Puderselli k\u00e4e all \u00f5ppinud Evi Kaur on oma pika karj\u00e4\u00e4ri jooksul katsetanud mitmete erinevate tehnikatega, kuid k\u00f5ige enam eelistab \u00f5limaali. Mitmetel n\u00e4itustel osalenud kunstnik \u00fctleb oma loomeprotsessi kohta ise, et j\u00e4rgib tunnet, mis \u00fctleb: &#8220;Ei saa maalimata j\u00e4tta.&#8221;<\/p>\n","protected":false},"featured_media":26443,"template":"","meta":{"_acf_changed":false},"product_brand":[],"product_cat":[415,56,57,59],"product_tag":[60],"class_list":{"0":"post-26431","1":"product","2":"type-product","3":"status-publish","4":"has-post-thumbnail","6":"product_cat-maal","7":"product_cat-olimaal","8":"product_cat-muudud","9":"product_cat-e-pood","10":"product_tag-e-pood","12":"first","13":"outofstock","14":"sold-individually","15":"shipping-taxable","16":"purchasable","17":"product-type-simple"},"acf":[],"_links":{"self":[{"href":"https:\/\/alleegalerii.ee\/en\/wp-json\/wp\/v2\/product\/26431","targetHints":{"allow":["GET"]}}],"collection":[{"href":"https:\/\/alleegalerii.ee\/en\/wp-json\/wp\/v2\/product"}],"about":[{"href":"https:\/\/alleegalerii.ee\/en\/wp-json\/wp\/v2\/types\/product"}],"wp:featuredmedia":[{"embeddable":true,"href":"https:\/\/alleegalerii.ee\/en\/wp-json\/wp\/v2\/media\/26443"}],"wp:attachment":[{"href":"https:\/\/alleegalerii.ee\/en\/wp-json\/wp\/v2\/media?parent=26431"}],"wp:term":[{"taxonomy":"product_brand","embeddable":true,"href":"https:\/\/alleegalerii.ee\/en\/wp-json\/wp\/v2\/product_brand?post=26431"},{"taxonomy":"product_cat","embeddable":true,"href":"https:\/\/alleegalerii.ee\/en\/wp-json\/wp\/v2\/product_cat?post=26431"},{"taxonomy":"product_tag","embeddable":true,"href":"https:\/\/alleegalerii.ee\/en\/wp-json\/wp\/v2\/product_tag?post=26431"}],"curies":[{"name":"wp","href":"https:\/\/api.w.org\/{rel}","templated":true}]}}