{"id":2614,"date":"2021-04-01T15:26:00","date_gmt":"2021-04-01T13:26:00","guid":{"rendered":"https:\/\/alleegalerii.ee\/?post_type=product&#038;p=2614"},"modified":"2024-01-27T13:23:51","modified_gmt":"2024-01-27T11:23:51","slug":"olev-soans-kopli-1962-1963","status":"publish","type":"product","link":"https:\/\/alleegalerii.ee\/en\/shop\/olev-soans-kopli-1962-1963\/","title":{"rendered":"Olev Soans &#8220;Kopli&#8221;, 1962-1963"},"content":{"rendered":"","protected":false},"excerpt":{"rendered":"<p>M\u00dc\u00dcDUD<\/p>\n<p>Pehmelakk, paber. Soovi korral aitame hea meelega kaasa ka raami valimisel.<\/p>\n<p>M\u00f5\u00f5dud: pildiv\u00e4li 16 x 26 cm, lm 37 x 54,5 cm.<\/p>\n<p>Olev Soans (1925-1995) oli eesti graafik ja pedagoog, kelle loomingus oli oluline koht selle kultuuriajaloolisel v\u00e4\u00e4rtusel. K\u00e4esoleva teose all\u00e4\u00e4rde on lisaselgituseks kirjutatud: \u0412\u0435\u0447\u0435\u0440 \u043d\u0430 \u0441\u0442\u0440\u043e\u0438\u0442\u0435\u043b\u044c\u043d\u043e\u0439 \u043f\u043b\u043e\u0449\u0430\u0434\u043a\u0435 (\u00f5htu ehitusplatsil).<\/p>\n","protected":false},"featured_media":6219,"template":"","meta":{"_acf_changed":false},"product_brand":[],"product_cat":[61,57,59],"product_tag":[60],"class_list":{"0":"post-2614","1":"product","2":"type-product","3":"status-publish","4":"has-post-thumbnail","6":"product_cat-graafika","7":"product_cat-muudud","8":"product_cat-e-pood","9":"product_tag-e-pood","11":"first","12":"outofstock","13":"shipping-taxable","14":"product-type-simple"},"acf":[],"_links":{"self":[{"href":"https:\/\/alleegalerii.ee\/en\/wp-json\/wp\/v2\/product\/2614","targetHints":{"allow":["GET"]}}],"collection":[{"href":"https:\/\/alleegalerii.ee\/en\/wp-json\/wp\/v2\/product"}],"about":[{"href":"https:\/\/alleegalerii.ee\/en\/wp-json\/wp\/v2\/types\/product"}],"wp:featuredmedia":[{"embeddable":true,"href":"https:\/\/alleegalerii.ee\/en\/wp-json\/wp\/v2\/media\/6219"}],"wp:attachment":[{"href":"https:\/\/alleegalerii.ee\/en\/wp-json\/wp\/v2\/media?parent=2614"}],"wp:term":[{"taxonomy":"product_brand","embeddable":true,"href":"https:\/\/alleegalerii.ee\/en\/wp-json\/wp\/v2\/product_brand?post=2614"},{"taxonomy":"product_cat","embeddable":true,"href":"https:\/\/alleegalerii.ee\/en\/wp-json\/wp\/v2\/product_cat?post=2614"},{"taxonomy":"product_tag","embeddable":true,"href":"https:\/\/alleegalerii.ee\/en\/wp-json\/wp\/v2\/product_tag?post=2614"}],"curies":[{"name":"wp","href":"https:\/\/api.w.org\/{rel}","templated":true}]}}