{"id":2609,"date":"2021-04-01T11:03:42","date_gmt":"2021-04-01T09:03:42","guid":{"rendered":"https:\/\/alleegalerii.ee\/?post_type=product&#038;p=2609"},"modified":"2024-01-27T13:33:34","modified_gmt":"2024-01-27T11:33:34","slug":"margarethe-fuks-karjaaris-1952","status":"publish","type":"product","link":"https:\/\/alleegalerii.ee\/en\/shop\/margarethe-fuks-karjaaris-1952\/","title":{"rendered":"Margarethe Fuks &#8220;Karj\u00e4\u00e4ris&#8221;, 1952"},"content":{"rendered":"","protected":false},"excerpt":{"rendered":"<p>M\u00dc\u00dcDUD<\/p>\n<p>Akvarell, paber. Teos on hetkel ilma raamita, kuid soovi korral aitame hea meelega ka raami ja paspartuu valikul.<\/p>\n<p>M\u00f5\u00f5dud: 33,5 x 48,5 cm<\/p>\n<p>Margarethe Fuks (1921-2005) oli Peterburis s\u00fcndinud eesti akvarellist, kes sai kunstihariduse 1940\u20131941 J. Koorti nimelises Riigi Rakenduskunsti koolis ning peale seda Eerik Haameri ja Natalie Mei \u00f5pilasena Tallinna Kujutava Kunsti ja Rakenduskunsti koolis. Andeka kunstnik oli muuhulgas t\u00e4diks Peeter Mudistile.<\/p>\n","protected":false},"featured_media":2612,"template":"","meta":{"_acf_changed":false},"product_brand":[],"product_cat":[415,54,57,59],"product_tag":[60],"class_list":{"0":"post-2609","1":"product","2":"type-product","3":"status-publish","4":"has-post-thumbnail","6":"product_cat-maal","7":"product_cat-akvarell","8":"product_cat-muudud","9":"product_cat-e-pood","10":"product_tag-e-pood","12":"first","13":"outofstock","14":"shipping-taxable","15":"product-type-simple"},"acf":[],"_links":{"self":[{"href":"https:\/\/alleegalerii.ee\/en\/wp-json\/wp\/v2\/product\/2609","targetHints":{"allow":["GET"]}}],"collection":[{"href":"https:\/\/alleegalerii.ee\/en\/wp-json\/wp\/v2\/product"}],"about":[{"href":"https:\/\/alleegalerii.ee\/en\/wp-json\/wp\/v2\/types\/product"}],"wp:featuredmedia":[{"embeddable":true,"href":"https:\/\/alleegalerii.ee\/en\/wp-json\/wp\/v2\/media\/2612"}],"wp:attachment":[{"href":"https:\/\/alleegalerii.ee\/en\/wp-json\/wp\/v2\/media?parent=2609"}],"wp:term":[{"taxonomy":"product_brand","embeddable":true,"href":"https:\/\/alleegalerii.ee\/en\/wp-json\/wp\/v2\/product_brand?post=2609"},{"taxonomy":"product_cat","embeddable":true,"href":"https:\/\/alleegalerii.ee\/en\/wp-json\/wp\/v2\/product_cat?post=2609"},{"taxonomy":"product_tag","embeddable":true,"href":"https:\/\/alleegalerii.ee\/en\/wp-json\/wp\/v2\/product_tag?post=2609"}],"curies":[{"name":"wp","href":"https:\/\/api.w.org\/{rel}","templated":true}]}}