{"id":2604,"date":"2021-04-01T10:03:17","date_gmt":"2021-04-01T08:03:17","guid":{"rendered":"https:\/\/alleegalerii.ee\/?post_type=product&#038;p=2604"},"modified":"2024-01-27T13:09:24","modified_gmt":"2024-01-27T11:09:24","slug":"milvi-torim-kadakad-1998","status":"publish","type":"product","link":"https:\/\/alleegalerii.ee\/en\/shop\/milvi-torim-kadakad-1998\/","title":{"rendered":"Milvi Torim &#8220;Kadakad&#8221;, 1998"},"content":{"rendered":"","protected":false},"excerpt":{"rendered":"<p>M\u00dc\u00dcDUD<\/p>\n<p>Akvarell, paber. Raamitud.<\/p>\n<p>M\u00f5\u00f5dud 52 x 52 cm (raamiga 72 x 72 cm)<\/p>\n<p>Milvi Torim (1944-2015) l\u00f5petas ERKI 1974 a. graafikuna ning illustreeris oma elu jooksul \u00fcle 200 raamatu. Viimastel aastak\u00fcmnenditel praktiseeris rohkem akvarelli. Tema teosed on mahedates toonides abstraktsed looduspildid, mis on unen\u00e4olisusega viivad m\u00f5tted s\u00fcgavamatele teadvuse kihtidele.<\/p>\n","protected":false},"featured_media":2607,"template":"","meta":{"_acf_changed":false},"product_brand":[],"product_cat":[415,54,57,59],"product_tag":[60],"class_list":{"0":"post-2604","1":"product","2":"type-product","3":"status-publish","4":"has-post-thumbnail","6":"product_cat-maal","7":"product_cat-akvarell","8":"product_cat-muudud","9":"product_cat-e-pood","10":"product_tag-e-pood","12":"first","13":"outofstock","14":"sold-individually","15":"shipping-taxable","16":"purchasable","17":"product-type-simple"},"acf":[],"_links":{"self":[{"href":"https:\/\/alleegalerii.ee\/en\/wp-json\/wp\/v2\/product\/2604","targetHints":{"allow":["GET"]}}],"collection":[{"href":"https:\/\/alleegalerii.ee\/en\/wp-json\/wp\/v2\/product"}],"about":[{"href":"https:\/\/alleegalerii.ee\/en\/wp-json\/wp\/v2\/types\/product"}],"wp:featuredmedia":[{"embeddable":true,"href":"https:\/\/alleegalerii.ee\/en\/wp-json\/wp\/v2\/media\/2607"}],"wp:attachment":[{"href":"https:\/\/alleegalerii.ee\/en\/wp-json\/wp\/v2\/media?parent=2604"}],"wp:term":[{"taxonomy":"product_brand","embeddable":true,"href":"https:\/\/alleegalerii.ee\/en\/wp-json\/wp\/v2\/product_brand?post=2604"},{"taxonomy":"product_cat","embeddable":true,"href":"https:\/\/alleegalerii.ee\/en\/wp-json\/wp\/v2\/product_cat?post=2604"},{"taxonomy":"product_tag","embeddable":true,"href":"https:\/\/alleegalerii.ee\/en\/wp-json\/wp\/v2\/product_tag?post=2604"}],"curies":[{"name":"wp","href":"https:\/\/api.w.org\/{rel}","templated":true}]}}