{"id":2487,"date":"2021-03-22T22:12:50","date_gmt":"2021-03-22T20:12:50","guid":{"rendered":"https:\/\/alleegalerii.ee\/?post_type=product&#038;p=2487"},"modified":"2025-06-26T11:45:32","modified_gmt":"2025-06-26T08:45:32","slug":"olev-soans-kalevala-rahvad-1985","status":"publish","type":"product","link":"https:\/\/alleegalerii.ee\/en\/shop\/olev-soans-kalevala-rahvad-1985\/","title":{"rendered":"BRON. Olev Soans &#8220;Kalevala rahvad&#8221;, 1985."},"content":{"rendered":"","protected":false},"excerpt":{"rendered":"<p>S\u00f6\u00f6vitus. Raamitud.<\/p>\n<p>All keskel: Olev Soans 1985<\/p>\n<p>M\u00f5\u00f5dud: 57,5 x 58,5 cm (raamiga 72 x 77 cm)<\/p>\n<p>Kultuuriloolised maakaardid (piltkaardid) oli \u00fcks Olev Soansi (1925-1995) lemmik\u017eanre. K\u00e4esolev teos r\u00e4\u00e4gib L\u00e4\u00e4nemere soomlaste ajaloost, keeltest ning sangaritest, Kalevipojast ning Kalevalast. Teose valmimisaastal sai Soans oma kultuurilooliste kaartide eest Kristjan Raua preemia.<\/p>\n<p>&nbsp;<\/p>\n","protected":false},"featured_media":2488,"template":"","meta":{"_acf_changed":false},"product_brand":[],"product_cat":[61],"product_tag":[60],"class_list":{"0":"post-2487","1":"product","2":"type-product","3":"status-publish","4":"has-post-thumbnail","6":"product_cat-graafika","7":"product_tag-e-pood","9":"first","10":"instock","11":"sold-individually","12":"shipping-taxable","13":"purchasable","14":"product-type-simple"},"acf":[],"_links":{"self":[{"href":"https:\/\/alleegalerii.ee\/en\/wp-json\/wp\/v2\/product\/2487","targetHints":{"allow":["GET"]}}],"collection":[{"href":"https:\/\/alleegalerii.ee\/en\/wp-json\/wp\/v2\/product"}],"about":[{"href":"https:\/\/alleegalerii.ee\/en\/wp-json\/wp\/v2\/types\/product"}],"wp:featuredmedia":[{"embeddable":true,"href":"https:\/\/alleegalerii.ee\/en\/wp-json\/wp\/v2\/media\/2488"}],"wp:attachment":[{"href":"https:\/\/alleegalerii.ee\/en\/wp-json\/wp\/v2\/media?parent=2487"}],"wp:term":[{"taxonomy":"product_brand","embeddable":true,"href":"https:\/\/alleegalerii.ee\/en\/wp-json\/wp\/v2\/product_brand?post=2487"},{"taxonomy":"product_cat","embeddable":true,"href":"https:\/\/alleegalerii.ee\/en\/wp-json\/wp\/v2\/product_cat?post=2487"},{"taxonomy":"product_tag","embeddable":true,"href":"https:\/\/alleegalerii.ee\/en\/wp-json\/wp\/v2\/product_tag?post=2487"}],"curies":[{"name":"wp","href":"https:\/\/api.w.org\/{rel}","templated":true}]}}