{"id":2418,"date":"2021-03-17T21:25:47","date_gmt":"2021-03-17T19:25:47","guid":{"rendered":"https:\/\/alleegalerii.ee\/?post_type=product&#038;p=2418"},"modified":"2024-01-27T13:27:53","modified_gmt":"2024-01-27T11:27:53","slug":"elmar-kell-tudruk-paevavarjuga-1955","status":"publish","type":"product","link":"https:\/\/alleegalerii.ee\/en\/shop\/elmar-kell-tudruk-paevavarjuga-1955\/","title":{"rendered":"Elmar Kell &#8220;T\u00fcdruk p\u00e4evavarjuga&#8221;, 1954"},"content":{"rendered":"","protected":false},"excerpt":{"rendered":"<p>M\u00dc\u00dcDUD<\/p>\n<p>\u00d5li l\u00f5uendil, 1954. Raamitud.<\/p>\n<p>M\u00f5\u00f5dud: 69 x 89,3 cm.<\/p>\n<p>Kunstnik Elmar Kell (1925-2006) oli lisaks oma fantaasiak\u00fcllastele maalidele tuntud ka telekunstnikuga, kelle kujundada ja luua olid arvukad Eesti Televisiooni saated.<\/p>\n<p>&nbsp;<\/p>\n","protected":false},"featured_media":2421,"template":"","meta":{"_acf_changed":false},"product_brand":[],"product_cat":[415,56,57,59],"product_tag":[60],"class_list":{"0":"post-2418","1":"product","2":"type-product","3":"status-publish","4":"has-post-thumbnail","6":"product_cat-maal","7":"product_cat-olimaal","8":"product_cat-muudud","9":"product_cat-e-pood","10":"product_tag-e-pood","12":"first","13":"outofstock","14":"sold-individually","15":"shipping-taxable","16":"product-type-simple"},"acf":[],"_links":{"self":[{"href":"https:\/\/alleegalerii.ee\/en\/wp-json\/wp\/v2\/product\/2418","targetHints":{"allow":["GET"]}}],"collection":[{"href":"https:\/\/alleegalerii.ee\/en\/wp-json\/wp\/v2\/product"}],"about":[{"href":"https:\/\/alleegalerii.ee\/en\/wp-json\/wp\/v2\/types\/product"}],"wp:featuredmedia":[{"embeddable":true,"href":"https:\/\/alleegalerii.ee\/en\/wp-json\/wp\/v2\/media\/2421"}],"wp:attachment":[{"href":"https:\/\/alleegalerii.ee\/en\/wp-json\/wp\/v2\/media?parent=2418"}],"wp:term":[{"taxonomy":"product_brand","embeddable":true,"href":"https:\/\/alleegalerii.ee\/en\/wp-json\/wp\/v2\/product_brand?post=2418"},{"taxonomy":"product_cat","embeddable":true,"href":"https:\/\/alleegalerii.ee\/en\/wp-json\/wp\/v2\/product_cat?post=2418"},{"taxonomy":"product_tag","embeddable":true,"href":"https:\/\/alleegalerii.ee\/en\/wp-json\/wp\/v2\/product_tag?post=2418"}],"curies":[{"name":"wp","href":"https:\/\/api.w.org\/{rel}","templated":true}]}}