{"id":2238,"date":"2021-03-03T16:04:24","date_gmt":"2021-03-03T14:04:24","guid":{"rendered":"https:\/\/alleegalerii.ee\/?post_type=product&#038;p=2238"},"modified":"2023-11-14T22:07:17","modified_gmt":"2023-11-14T20:07:17","slug":"aleksei-viilupi-olimaal","status":"publish","type":"product","link":"https:\/\/alleegalerii.ee\/en\/shop\/aleksei-viilupi-olimaal\/","title":{"rendered":"Aleksei Viilup &#8220;Istuv akt&#8221;, 1959"},"content":{"rendered":"","protected":false},"excerpt":{"rendered":"<p>\u00d5li puitplaadil. Raamitud.<\/p>\n<p>M\u00f5\u00f5dud: 49 x 34 cm.<\/p>\n<p>Aleksei Viilup s\u00fcndis ja kasvas \u00fcles Valgas, kuid suundus t\u00e4iskasvanuna Tallinnasse ning l\u00f5petas Jaani Koorti nimelise Riigi Rakenduskunsti kooli koos teiste tunnustatud kunstnike nagu Evald Okase ja Oskar Raunamiga.<\/p>\n<p>Lisaks portree- ja dekoratiivmaalidele kujundas Viilup ka suur\u00fcritusi, n\u00e4iteks laulupidusid ja rongk\u00e4ike. Ka s\u00f5ja ajal esines ta kunstin\u00e4itustel ning sai eriti kiita oma naisaktide eest ning \u00e4ra mainiti tema hea vormi- ning v\u00e4rvitunnetus.<\/p>\n","protected":false},"featured_media":2312,"template":"","meta":{"_acf_changed":false},"product_brand":[],"product_cat":[415,56,59],"product_tag":[60],"class_list":{"0":"post-2238","1":"product","2":"type-product","3":"status-publish","4":"has-post-thumbnail","6":"product_cat-maal","7":"product_cat-olimaal","8":"product_cat-e-pood","9":"product_tag-e-pood","11":"first","12":"outofstock","13":"sold-individually","14":"shipping-taxable","15":"purchasable","16":"product-type-simple"},"acf":[],"_links":{"self":[{"href":"https:\/\/alleegalerii.ee\/en\/wp-json\/wp\/v2\/product\/2238","targetHints":{"allow":["GET"]}}],"collection":[{"href":"https:\/\/alleegalerii.ee\/en\/wp-json\/wp\/v2\/product"}],"about":[{"href":"https:\/\/alleegalerii.ee\/en\/wp-json\/wp\/v2\/types\/product"}],"wp:featuredmedia":[{"embeddable":true,"href":"https:\/\/alleegalerii.ee\/en\/wp-json\/wp\/v2\/media\/2312"}],"wp:attachment":[{"href":"https:\/\/alleegalerii.ee\/en\/wp-json\/wp\/v2\/media?parent=2238"}],"wp:term":[{"taxonomy":"product_brand","embeddable":true,"href":"https:\/\/alleegalerii.ee\/en\/wp-json\/wp\/v2\/product_brand?post=2238"},{"taxonomy":"product_cat","embeddable":true,"href":"https:\/\/alleegalerii.ee\/en\/wp-json\/wp\/v2\/product_cat?post=2238"},{"taxonomy":"product_tag","embeddable":true,"href":"https:\/\/alleegalerii.ee\/en\/wp-json\/wp\/v2\/product_tag?post=2238"}],"curies":[{"name":"wp","href":"https:\/\/api.w.org\/{rel}","templated":true}]}}