{"id":2215,"date":"2021-02-13T18:55:14","date_gmt":"2021-02-13T16:55:14","guid":{"rendered":"https:\/\/alleegalerii.ee\/?post_type=product&#038;p=2215"},"modified":"2026-01-13T18:22:18","modified_gmt":"2026-01-13T16:22:18","slug":"kinkekaart","status":"publish","type":"product","link":"https:\/\/alleegalerii.ee\/en\/shop\/kinkekaart\/","title":{"rendered":"Kunsti kinkekaart &#8211; v\u00e4\u00e4rtuse valid Sina!"},"content":{"rendered":"","protected":false},"excerpt":{"rendered":"<p>Vabalt valitava v\u00e4\u00e4rtusega kunsti kinkekaart on heaks kingituseks kallimale, heale s\u00f5brale v\u00f5i kolleegile. Sobiva summa saate ostukorvis tellimust kinnitades lisada kommentaaride lahtrisse. Kinkekaardil olevat teksti saame vastavalt teie erisoovidele kohandada ning seda saab vormistada nii veebikaardina kui tr\u00fckituna.<\/p>\n<p>Kinkekaart kehtib Allee galerii veebipoes, n\u00e4itustelt v\u00f5i kunstioksjonilt soetatud teoste eest tasumisel kuni kaardil m\u00e4rgitud summani. Kui kingi saaja ei leia \u00fclaltoodud valikutest sobivat, aitame hea meelega ka kunsti erisoovide puhul.<\/p>\n<p>Kinkekaart ei kuulu rahas tagastamisele ning kehtib 1 aasta selle v\u00e4ljastamise hetkest.<\/p>\n<p>&nbsp;<\/p>\n","protected":false},"featured_media":2185,"template":"","meta":{"_acf_changed":false},"product_brand":[],"product_cat":[64,59],"product_tag":[60],"class_list":{"0":"post-2215","1":"product","2":"type-product","3":"status-publish","4":"has-post-thumbnail","6":"product_cat-kinkekaart","7":"product_cat-e-pood","8":"product_tag-e-pood","10":"first","11":"instock","12":"shipping-taxable","13":"purchasable","14":"product-type-simple"},"acf":[],"_links":{"self":[{"href":"https:\/\/alleegalerii.ee\/en\/wp-json\/wp\/v2\/product\/2215","targetHints":{"allow":["GET"]}}],"collection":[{"href":"https:\/\/alleegalerii.ee\/en\/wp-json\/wp\/v2\/product"}],"about":[{"href":"https:\/\/alleegalerii.ee\/en\/wp-json\/wp\/v2\/types\/product"}],"wp:featuredmedia":[{"embeddable":true,"href":"https:\/\/alleegalerii.ee\/en\/wp-json\/wp\/v2\/media\/2185"}],"wp:attachment":[{"href":"https:\/\/alleegalerii.ee\/en\/wp-json\/wp\/v2\/media?parent=2215"}],"wp:term":[{"taxonomy":"product_brand","embeddable":true,"href":"https:\/\/alleegalerii.ee\/en\/wp-json\/wp\/v2\/product_brand?post=2215"},{"taxonomy":"product_cat","embeddable":true,"href":"https:\/\/alleegalerii.ee\/en\/wp-json\/wp\/v2\/product_cat?post=2215"},{"taxonomy":"product_tag","embeddable":true,"href":"https:\/\/alleegalerii.ee\/en\/wp-json\/wp\/v2\/product_tag?post=2215"}],"curies":[{"name":"wp","href":"https:\/\/api.w.org\/{rel}","templated":true}]}}