{"id":2203,"date":"2021-02-12T18:03:20","date_gmt":"2021-02-12T16:03:20","guid":{"rendered":"https:\/\/alleegalerii.ee\/?post_type=product&#038;p=2203"},"modified":"2024-04-19T18:16:32","modified_gmt":"2024-04-19T15:16:32","slug":"viktor-leskin-olimaal","status":"publish","type":"product","link":"https:\/\/alleegalerii.ee\/en\/shop\/viktor-leskin-olimaal\/","title":{"rendered":"Viktor Le\u0161kin &#8220;Kullerkupud&#8221;, 1980"},"content":{"rendered":"","protected":false},"excerpt":{"rendered":"<p>M\u00dc\u00dcDUD<\/p>\n<p>\u00d5li l\u00f5uendil. Raamitud.<\/p>\n<p>50 x 70 cm<\/p>\n<p>Eesti t\u00f5eline patrioot Viktor Le\u0161kin oli seto-vene p\u00e4ritolu kunstnik, kes l\u00f5petanud kolm erinevat Tallinna kunstikooli. Seel\u00e4bi esindab ta mingil m\u00e4\u00e4ral Tallinna maalikoolkonda, teisalt avaldub tema maalides vene realistlik-impressionistliku vaba\u00f5humaali m\u00f5ju. Le\u0161kin armastas Eestimaad ning \u00f5ppis omal k\u00e4el selgeks nii selle keele kui kultuuri. Olles 38 aastat ERKI \u00f5ppej\u00f5ud, kasvatas ta \u00fcles mitmeid p\u00f5lvkondi Eesti kunstnikke.<\/p>\n","protected":false},"featured_media":2536,"template":"","meta":{"_acf_changed":false},"product_brand":[],"product_cat":[415,56,57,59],"product_tag":[60],"class_list":{"0":"post-2203","1":"product","2":"type-product","3":"status-publish","4":"has-post-thumbnail","6":"product_cat-maal","7":"product_cat-olimaal","8":"product_cat-muudud","9":"product_cat-e-pood","10":"product_tag-e-pood","12":"first","13":"outofstock","14":"sold-individually","15":"shipping-taxable","16":"product-type-simple"},"acf":[],"_links":{"self":[{"href":"https:\/\/alleegalerii.ee\/en\/wp-json\/wp\/v2\/product\/2203","targetHints":{"allow":["GET"]}}],"collection":[{"href":"https:\/\/alleegalerii.ee\/en\/wp-json\/wp\/v2\/product"}],"about":[{"href":"https:\/\/alleegalerii.ee\/en\/wp-json\/wp\/v2\/types\/product"}],"wp:featuredmedia":[{"embeddable":true,"href":"https:\/\/alleegalerii.ee\/en\/wp-json\/wp\/v2\/media\/2536"}],"wp:attachment":[{"href":"https:\/\/alleegalerii.ee\/en\/wp-json\/wp\/v2\/media?parent=2203"}],"wp:term":[{"taxonomy":"product_brand","embeddable":true,"href":"https:\/\/alleegalerii.ee\/en\/wp-json\/wp\/v2\/product_brand?post=2203"},{"taxonomy":"product_cat","embeddable":true,"href":"https:\/\/alleegalerii.ee\/en\/wp-json\/wp\/v2\/product_cat?post=2203"},{"taxonomy":"product_tag","embeddable":true,"href":"https:\/\/alleegalerii.ee\/en\/wp-json\/wp\/v2\/product_tag?post=2203"}],"curies":[{"name":"wp","href":"https:\/\/api.w.org\/{rel}","templated":true}]}}