{"id":2169,"date":"2021-02-04T13:56:51","date_gmt":"2021-02-04T11:56:51","guid":{"rendered":"https:\/\/alleegalerii.ee\/?post_type=product&#038;p=2169"},"modified":"2023-11-14T22:07:29","modified_gmt":"2023-11-14T20:07:29","slug":"tonis-vint-tagasitulek","status":"publish","type":"product","link":"https:\/\/alleegalerii.ee\/en\/shop\/tonis-vint-tagasitulek\/","title":{"rendered":"T\u00f5nis Vint &#8220;Tagasitulek&#8221;, 1988"},"content":{"rendered":"","protected":false},"excerpt":{"rendered":"<p>K\u00f5rgtr\u00fckk. Raamitud, muuseumiklaas.<\/p>\n<p>Ava m\u00f5\u00f5t 23 x 18 cm.<\/p>\n<p>T\u00f5nis Vint (1942 &#8211; 2019) oli tunnustatud eesti graafik, Eesti Kunstnike Liidu liige.\u00a0 Alates 1963. aastast osales Vint arvukatel n\u00e4itustel nii kohalikul kui rahvusvahelistel tasandil ning m\u00e4ngis aktiivset rolli siinse kunstielu edendajana.<\/p>\n<p>&nbsp;<\/p>\n","protected":false},"featured_media":2171,"template":"","meta":{"_acf_changed":false},"product_brand":[],"product_cat":[61,59],"product_tag":[60],"class_list":{"0":"post-2169","1":"product","2":"type-product","3":"status-publish","4":"has-post-thumbnail","6":"product_cat-graafika","7":"product_cat-e-pood","8":"product_tag-e-pood","10":"first","11":"outofstock","12":"sold-individually","13":"shipping-taxable","14":"product-type-simple"},"acf":[],"_links":{"self":[{"href":"https:\/\/alleegalerii.ee\/en\/wp-json\/wp\/v2\/product\/2169","targetHints":{"allow":["GET"]}}],"collection":[{"href":"https:\/\/alleegalerii.ee\/en\/wp-json\/wp\/v2\/product"}],"about":[{"href":"https:\/\/alleegalerii.ee\/en\/wp-json\/wp\/v2\/types\/product"}],"wp:featuredmedia":[{"embeddable":true,"href":"https:\/\/alleegalerii.ee\/en\/wp-json\/wp\/v2\/media\/2171"}],"wp:attachment":[{"href":"https:\/\/alleegalerii.ee\/en\/wp-json\/wp\/v2\/media?parent=2169"}],"wp:term":[{"taxonomy":"product_brand","embeddable":true,"href":"https:\/\/alleegalerii.ee\/en\/wp-json\/wp\/v2\/product_brand?post=2169"},{"taxonomy":"product_cat","embeddable":true,"href":"https:\/\/alleegalerii.ee\/en\/wp-json\/wp\/v2\/product_cat?post=2169"},{"taxonomy":"product_tag","embeddable":true,"href":"https:\/\/alleegalerii.ee\/en\/wp-json\/wp\/v2\/product_tag?post=2169"}],"curies":[{"name":"wp","href":"https:\/\/api.w.org\/{rel}","templated":true}]}}