{"id":2147,"date":"2021-02-03T16:16:56","date_gmt":"2021-02-03T14:16:56","guid":{"rendered":"https:\/\/alleegalerii.ee\/?post_type=product&#038;p=2147"},"modified":"2024-04-19T22:43:29","modified_gmt":"2024-04-19T19:43:29","slug":"richard-uutmaa-muuk","status":"publish","type":"product","link":"https:\/\/alleegalerii.ee\/en\/shop\/richard-uutmaa-muuk\/","title":{"rendered":"Richard Uutmaa &#8220;Eisma&#8221;, 1973"},"content":{"rendered":"","protected":false},"excerpt":{"rendered":"<div class=\"wpb_wrapper is_stuck\">\n<div class=\"wpb_text_column wpb_content_element\">\n<div class=\"wpb_wrapper\">\n<p>M\u00dc\u00dcDUD<\/p>\n<p>Akvarell. Raamitud.<\/p>\n<p>50 x 70 cm.<\/p>\n<p>Eesti \u00fcks esimariniste Richard Uutmaa (1905 &#8211; 1977) s\u00fcndis p\u00f5hjarannikul Altjal. P\u00e4rast s\u00f5da m\u00fc\u00fcdi Uutmaa isakodu maha, kuid kunstniku armastus piirkonna vastu oli j\u00e4tkuvalt suur ning see\u00f5ttu ostis ta kohe peale seda endale uue suvilakoha Altja l\u00e4hedusse Eismale. Ka k\u00e4esolev teos on maalitud just selles Uutmaale s\u00fcdamel\u00e4hedases kohas.<\/p>\n<p>&nbsp;<\/p>\n<\/div>\n<\/div>\n<\/div>\n","protected":false},"featured_media":2148,"template":"","meta":{"_acf_changed":false},"product_brand":[],"product_cat":[415,54,57,59],"product_tag":[60],"class_list":{"0":"post-2147","1":"product","2":"type-product","3":"status-publish","4":"has-post-thumbnail","6":"product_cat-maal","7":"product_cat-akvarell","8":"product_cat-muudud","9":"product_cat-e-pood","10":"product_tag-e-pood","12":"first","13":"outofstock","14":"shipping-taxable","15":"product-type-simple"},"acf":[],"_links":{"self":[{"href":"https:\/\/alleegalerii.ee\/en\/wp-json\/wp\/v2\/product\/2147","targetHints":{"allow":["GET"]}}],"collection":[{"href":"https:\/\/alleegalerii.ee\/en\/wp-json\/wp\/v2\/product"}],"about":[{"href":"https:\/\/alleegalerii.ee\/en\/wp-json\/wp\/v2\/types\/product"}],"wp:featuredmedia":[{"embeddable":true,"href":"https:\/\/alleegalerii.ee\/en\/wp-json\/wp\/v2\/media\/2148"}],"wp:attachment":[{"href":"https:\/\/alleegalerii.ee\/en\/wp-json\/wp\/v2\/media?parent=2147"}],"wp:term":[{"taxonomy":"product_brand","embeddable":true,"href":"https:\/\/alleegalerii.ee\/en\/wp-json\/wp\/v2\/product_brand?post=2147"},{"taxonomy":"product_cat","embeddable":true,"href":"https:\/\/alleegalerii.ee\/en\/wp-json\/wp\/v2\/product_cat?post=2147"},{"taxonomy":"product_tag","embeddable":true,"href":"https:\/\/alleegalerii.ee\/en\/wp-json\/wp\/v2\/product_tag?post=2147"}],"curies":[{"name":"wp","href":"https:\/\/api.w.org\/{rel}","templated":true}]}}