{"id":2059,"date":"2021-01-24T17:53:27","date_gmt":"2021-01-24T15:53:27","guid":{"rendered":"https:\/\/alleegalerii.ee\/?post_type=product&#038;p=2059"},"modified":"2024-12-26T19:27:02","modified_gmt":"2024-12-26T17:27:02","slug":"kaarel-liimand-kaks-istuvat-akti-1932-1933","status":"publish","type":"product","link":"https:\/\/alleegalerii.ee\/en\/shop\/kaarel-liimand-kaks-istuvat-akti-1932-1933\/","title":{"rendered":"Kaarel Liimand \u201cKaks istuvat akti\u201d, 1932-1933"},"content":{"rendered":"","protected":false},"excerpt":{"rendered":"<p>M\u00dc\u00dcDUD.<\/p>\n<p>Tint, sulg, paber. Raamitud.<\/p>\n<p>Lm 36,7 x 23 cm<\/p>\n<p>Kaarel Liimandi t\u00e4helepanu teoseid luues oli eelk\u00f5ige komponentidel, kuid sama t\u00e4htsaks pidas ta koloriiti. K\u00e4esolev teos on \u00fcks Liimandi must-valgeid krokiisid \u201ePallases\u201c \u00f5ppimise ajast, v\u00f5imalik, et abikaasa Aino Bachi kogust. Kompositsiooniliselt on tegu \u00fche tema paeluvaima t\u00f6\u00f6ga selles \u017eanris. Voolavad jooned lisavad hoolimata istuvast asendist teosele liikuvust ja tekib tunne nagu hakkaks \u00fcks modellidest kohe asendit vahetama.<\/p>\n","protected":false},"featured_media":1685,"template":"","meta":{"_acf_changed":false},"product_brand":[],"product_cat":[62,57,59],"product_tag":[60],"class_list":{"0":"post-2059","1":"product","2":"type-product","3":"status-publish","4":"has-post-thumbnail","6":"product_cat-joonistus","7":"product_cat-muudud","8":"product_cat-e-pood","9":"product_tag-e-pood","11":"first","12":"outofstock","13":"sold-individually","14":"shipping-taxable","15":"product-type-simple"},"acf":[],"_links":{"self":[{"href":"https:\/\/alleegalerii.ee\/en\/wp-json\/wp\/v2\/product\/2059","targetHints":{"allow":["GET"]}}],"collection":[{"href":"https:\/\/alleegalerii.ee\/en\/wp-json\/wp\/v2\/product"}],"about":[{"href":"https:\/\/alleegalerii.ee\/en\/wp-json\/wp\/v2\/types\/product"}],"wp:featuredmedia":[{"embeddable":true,"href":"https:\/\/alleegalerii.ee\/en\/wp-json\/wp\/v2\/media\/1685"}],"wp:attachment":[{"href":"https:\/\/alleegalerii.ee\/en\/wp-json\/wp\/v2\/media?parent=2059"}],"wp:term":[{"taxonomy":"product_brand","embeddable":true,"href":"https:\/\/alleegalerii.ee\/en\/wp-json\/wp\/v2\/product_brand?post=2059"},{"taxonomy":"product_cat","embeddable":true,"href":"https:\/\/alleegalerii.ee\/en\/wp-json\/wp\/v2\/product_cat?post=2059"},{"taxonomy":"product_tag","embeddable":true,"href":"https:\/\/alleegalerii.ee\/en\/wp-json\/wp\/v2\/product_tag?post=2059"}],"curies":[{"name":"wp","href":"https:\/\/api.w.org\/{rel}","templated":true}]}}