{"id":2058,"date":"2021-01-24T17:44:43","date_gmt":"2021-01-24T15:44:43","guid":{"rendered":"https:\/\/alleegalerii.ee\/?post_type=product&#038;p=2058"},"modified":"2023-11-14T22:07:25","modified_gmt":"2023-11-14T20:07:25","slug":"gunther-reindorff-vana-hoov-1941","status":"publish","type":"product","link":"https:\/\/alleegalerii.ee\/en\/shop\/gunther-reindorff-vana-hoov-1941\/","title":{"rendered":"G\u00fcnther Reindorff &#8220;Vana hoov&#8221;, 1941"},"content":{"rendered":"","protected":false},"excerpt":{"rendered":"<p>Ofort. Raamitud.<\/p>\n<p>15 x 11 cm.<\/p>\n<p>Peterburis s\u00fcndinud, kuid Eestis \u00fcles kasvanud G\u00fcnther Reindorff oli peamiselt tuntud stiilse maastikujoonistajana. Reindorff juhatas aastaid Riigi Kunstt\u00f6\u00f6stuskoolis graafikaosakonda, mille oli varustanud presside ja muude t\u00f6\u00f6vahenditega, mida kasutati ka p\u00e4rast s\u00f5da. Ta on teinud m\u00f5ned estambid 1920. aastatel ja p\u00f6\u00f6rdus grav\u00fc\u00fcri juurde tagasi s\u00f5ja-aastatel, luues mitmed eesti graafikaklassika p\u00e4rlid. V\u00e4ike intiimne \u201cVana hoov\u201d juhatab koos ofordiga \u201cHommik metsas\u201d (1941) selle peat\u00fcki tema loomingus sisse. Just sel ajal l\u00f5i Reindorff ka oma raamatukunstialased tippteosed, millest tuntuim oli \u201eEesti rahva ennemuistsete juttude\u201c kujundus.<\/p>\n","protected":false},"featured_media":1716,"template":"","meta":{"_acf_changed":false},"product_brand":[],"product_cat":[61,59],"product_tag":[60],"class_list":{"0":"post-2058","1":"product","2":"type-product","3":"status-publish","4":"has-post-thumbnail","6":"product_cat-graafika","7":"product_cat-e-pood","8":"product_tag-e-pood","10":"first","11":"outofstock","12":"sold-individually","13":"shipping-taxable","14":"product-type-simple"},"acf":[],"_links":{"self":[{"href":"https:\/\/alleegalerii.ee\/en\/wp-json\/wp\/v2\/product\/2058","targetHints":{"allow":["GET"]}}],"collection":[{"href":"https:\/\/alleegalerii.ee\/en\/wp-json\/wp\/v2\/product"}],"about":[{"href":"https:\/\/alleegalerii.ee\/en\/wp-json\/wp\/v2\/types\/product"}],"wp:featuredmedia":[{"embeddable":true,"href":"https:\/\/alleegalerii.ee\/en\/wp-json\/wp\/v2\/media\/1716"}],"wp:attachment":[{"href":"https:\/\/alleegalerii.ee\/en\/wp-json\/wp\/v2\/media?parent=2058"}],"wp:term":[{"taxonomy":"product_brand","embeddable":true,"href":"https:\/\/alleegalerii.ee\/en\/wp-json\/wp\/v2\/product_brand?post=2058"},{"taxonomy":"product_cat","embeddable":true,"href":"https:\/\/alleegalerii.ee\/en\/wp-json\/wp\/v2\/product_cat?post=2058"},{"taxonomy":"product_tag","embeddable":true,"href":"https:\/\/alleegalerii.ee\/en\/wp-json\/wp\/v2\/product_tag?post=2058"}],"curies":[{"name":"wp","href":"https:\/\/api.w.org\/{rel}","templated":true}]}}