{"id":2048,"date":"2021-01-21T20:48:03","date_gmt":"2021-01-21T18:48:03","guid":{"rendered":"https:\/\/alleegalerii.ee\/?post_type=product&#038;p=2048"},"modified":"2024-04-19T18:28:23","modified_gmt":"2024-04-19T15:28:23","slug":"voldemar-peil-kaluritalu-pohjarannikul","status":"publish","type":"product","link":"https:\/\/alleegalerii.ee\/en\/shop\/voldemar-peil-kaluritalu-pohjarannikul\/","title":{"rendered":"Voldemar Peil &#8220;Kaluritalu p\u00f5hjarannikul&#8221;"},"content":{"rendered":"","protected":false},"excerpt":{"rendered":"<p>M\u00dc\u00dcDUD<\/p>\n<p>\u00d5li l\u00f5uendil. Raamitud.<\/p>\n<p>Kunstnik Voldemar Peil s\u00fcndis 1907. aastal Narvas ning maalimist \u00f5ppis Pallases Ado Vabbe, Villem Ormissoni ja mitmete teiste tunnustatud kunsti\u00f5ppej\u00f5udude k\u00e4e all. Peil oli aktiivselt tegev ka erinevate teatrite dekoraatori ja peakunstnikuna ning kujundas \u00fcle 300 erineva lavastuse.<\/p>\n<p>&nbsp;<\/p>\n<p>&nbsp;<\/p>\n","protected":false},"featured_media":2050,"template":"","meta":{"_acf_changed":false},"product_brand":[],"product_cat":[415,56,57,59],"product_tag":[60],"class_list":{"0":"post-2048","1":"product","2":"type-product","3":"status-publish","4":"has-post-thumbnail","6":"product_cat-maal","7":"product_cat-olimaal","8":"product_cat-muudud","9":"product_cat-e-pood","10":"product_tag-e-pood","12":"first","13":"outofstock","14":"sold-individually","15":"shipping-taxable","16":"product-type-simple"},"acf":[],"_links":{"self":[{"href":"https:\/\/alleegalerii.ee\/en\/wp-json\/wp\/v2\/product\/2048","targetHints":{"allow":["GET"]}}],"collection":[{"href":"https:\/\/alleegalerii.ee\/en\/wp-json\/wp\/v2\/product"}],"about":[{"href":"https:\/\/alleegalerii.ee\/en\/wp-json\/wp\/v2\/types\/product"}],"wp:featuredmedia":[{"embeddable":true,"href":"https:\/\/alleegalerii.ee\/en\/wp-json\/wp\/v2\/media\/2050"}],"wp:attachment":[{"href":"https:\/\/alleegalerii.ee\/en\/wp-json\/wp\/v2\/media?parent=2048"}],"wp:term":[{"taxonomy":"product_brand","embeddable":true,"href":"https:\/\/alleegalerii.ee\/en\/wp-json\/wp\/v2\/product_brand?post=2048"},{"taxonomy":"product_cat","embeddable":true,"href":"https:\/\/alleegalerii.ee\/en\/wp-json\/wp\/v2\/product_cat?post=2048"},{"taxonomy":"product_tag","embeddable":true,"href":"https:\/\/alleegalerii.ee\/en\/wp-json\/wp\/v2\/product_tag?post=2048"}],"curies":[{"name":"wp","href":"https:\/\/api.w.org\/{rel}","templated":true}]}}