{"id":2043,"date":"2021-01-21T15:15:48","date_gmt":"2021-01-21T13:15:48","guid":{"rendered":"https:\/\/alleegalerii.ee\/?post_type=product&#038;p=2043"},"modified":"2023-11-14T22:07:25","modified_gmt":"2023-11-14T20:07:25","slug":"evald-okas-akt","status":"publish","type":"product","link":"https:\/\/alleegalerii.ee\/en\/shop\/evald-okas-akt\/","title":{"rendered":"Evald Okas &#8220;Akt&#8221;, 1989"},"content":{"rendered":"","protected":false},"excerpt":{"rendered":"<p>Raamitud. Muuseumiklaas.<\/p>\n<p>Joonistus.\u00a0Ava m\u00f5\u00f5t 62 x 44 cm.<\/p>\n<p>Evald Okas (1915-2011) t\u00f5i kunstimaailma k\u00fcpse, meelelise k\u00e4sitluse kaasaegsest naisest, mida ilmestas ka n\u00f5tkete modellide valik oma teosteks.<\/p>\n","protected":false},"featured_media":2044,"template":"","meta":{"_acf_changed":false},"product_brand":[],"product_cat":[62],"product_tag":[60],"class_list":{"0":"post-2043","1":"product","2":"type-product","3":"status-publish","4":"has-post-thumbnail","6":"product_cat-joonistus","7":"product_tag-e-pood","9":"first","10":"outofstock","11":"sold-individually","12":"shipping-taxable","13":"product-type-simple"},"acf":[],"_links":{"self":[{"href":"https:\/\/alleegalerii.ee\/en\/wp-json\/wp\/v2\/product\/2043","targetHints":{"allow":["GET"]}}],"collection":[{"href":"https:\/\/alleegalerii.ee\/en\/wp-json\/wp\/v2\/product"}],"about":[{"href":"https:\/\/alleegalerii.ee\/en\/wp-json\/wp\/v2\/types\/product"}],"wp:featuredmedia":[{"embeddable":true,"href":"https:\/\/alleegalerii.ee\/en\/wp-json\/wp\/v2\/media\/2044"}],"wp:attachment":[{"href":"https:\/\/alleegalerii.ee\/en\/wp-json\/wp\/v2\/media?parent=2043"}],"wp:term":[{"taxonomy":"product_brand","embeddable":true,"href":"https:\/\/alleegalerii.ee\/en\/wp-json\/wp\/v2\/product_brand?post=2043"},{"taxonomy":"product_cat","embeddable":true,"href":"https:\/\/alleegalerii.ee\/en\/wp-json\/wp\/v2\/product_cat?post=2043"},{"taxonomy":"product_tag","embeddable":true,"href":"https:\/\/alleegalerii.ee\/en\/wp-json\/wp\/v2\/product_tag?post=2043"}],"curies":[{"name":"wp","href":"https:\/\/api.w.org\/{rel}","templated":true}]}}