{"id":2008,"date":"2021-01-17T14:49:25","date_gmt":"2021-01-17T12:49:25","guid":{"rendered":"https:\/\/alleegalerii.ee\/?post_type=product&#038;p=2008"},"modified":"2024-01-27T13:30:40","modified_gmt":"2024-01-27T11:30:40","slug":"valdur-ohakas-maastik-muua","status":"publish","type":"product","link":"https:\/\/alleegalerii.ee\/en\/shop\/valdur-ohakas-maastik-muua\/","title":{"rendered":"Valdur Ohakas &#8220;Maastik 2&#8221;, 1986"},"content":{"rendered":"","protected":false},"excerpt":{"rendered":"<p>M\u00dc\u00dcDUD<\/p>\n<p>\u00d5li papil. Raamitud.<\/p>\n<p>23 x 23 cm.<\/p>\n<p>Valdur Ohakas (1925-1998) sai kunstihariduse nii Tallinna kui Tartu tugevate \u00f5ppej\u00f5udude k\u00e4e all. Tema tuntuimateks \u00f5petajateks olid Eerik Haamer, Johannes Greenberg, Elmar Kits ja Johannes V\u00f5erahansu. Kool j\u00e4i l\u00f5petamata, kuna 1949. aastal arreteeriti ta koos teiste kunstitudengitega ja viidi vangilaagrisse, kust ta vabanes alles seitsme aasta p\u00e4rast. Valdur Ohakas m\u00e4ngis olulist rolli s\u00f5j\u00e4j\u00e4rgse eesti kunsti uuenemisprotsessis.<\/p>\n<p>Enamuse ajast veetis kunstnik vaheldumisi oma Tallinnas, Meriv\u00e4ljal asuvas kodus ning V\u00f5rumaal asuvas K\u00fctioru maakodus, seega leiab tema loomingus palju loodusmotiive nii P\u00f5hja- kui L\u00f5una-Eestist.<\/p>\n<p>Vaata ka kolmese seeria \u00fclej\u00e4\u00e4nud maale!<\/p>\n","protected":false},"featured_media":2020,"template":"","meta":{"_acf_changed":false},"product_brand":[],"product_cat":[415,56,57,59],"product_tag":[60],"class_list":{"0":"post-2008","1":"product","2":"type-product","3":"status-publish","4":"has-post-thumbnail","6":"product_cat-maal","7":"product_cat-olimaal","8":"product_cat-muudud","9":"product_cat-e-pood","10":"product_tag-e-pood","12":"first","13":"outofstock","14":"sold-individually","15":"shipping-taxable","16":"product-type-simple"},"acf":[],"_links":{"self":[{"href":"https:\/\/alleegalerii.ee\/en\/wp-json\/wp\/v2\/product\/2008","targetHints":{"allow":["GET"]}}],"collection":[{"href":"https:\/\/alleegalerii.ee\/en\/wp-json\/wp\/v2\/product"}],"about":[{"href":"https:\/\/alleegalerii.ee\/en\/wp-json\/wp\/v2\/types\/product"}],"wp:featuredmedia":[{"embeddable":true,"href":"https:\/\/alleegalerii.ee\/en\/wp-json\/wp\/v2\/media\/2020"}],"wp:attachment":[{"href":"https:\/\/alleegalerii.ee\/en\/wp-json\/wp\/v2\/media?parent=2008"}],"wp:term":[{"taxonomy":"product_brand","embeddable":true,"href":"https:\/\/alleegalerii.ee\/en\/wp-json\/wp\/v2\/product_brand?post=2008"},{"taxonomy":"product_cat","embeddable":true,"href":"https:\/\/alleegalerii.ee\/en\/wp-json\/wp\/v2\/product_cat?post=2008"},{"taxonomy":"product_tag","embeddable":true,"href":"https:\/\/alleegalerii.ee\/en\/wp-json\/wp\/v2\/product_tag?post=2008"}],"curies":[{"name":"wp","href":"https:\/\/api.w.org\/{rel}","templated":true}]}}