{"id":1969,"date":"2021-01-08T19:15:48","date_gmt":"2021-01-08T17:15:48","guid":{"rendered":"https:\/\/alleegalerii.ee\/?post_type=product&#038;p=1969"},"modified":"2023-11-14T22:07:31","modified_gmt":"2023-11-14T20:07:31","slug":"naitusekataloog-richard-uutmaa-115-parleid-erakogudest-2020","status":"publish","type":"product","link":"https:\/\/alleegalerii.ee\/en\/shop\/naitusekataloog-richard-uutmaa-115-parleid-erakogudest-2020\/","title":{"rendered":"N\u00e4itusekataloog &#8220;Richard Uutmaa 115 &#8211; p\u00e4rleid erakogudest&#8221;, 2020 &#8211; Kordustr\u00fckk valmimisel!"},"content":{"rendered":"","protected":false},"excerpt":{"rendered":"<p>2020 septembrist oktoobrini toimunud Richard Uutmaa 115. s\u00fcnniaastap\u00e4evale p\u00fchendatud n\u00e4itusel Allee galeriis oli \u00fcleval 27 meisterlikku \u00f5limaali. K\u00e4esolevasse n\u00e4itusekataloogi on koondatud k\u00f5ik n\u00e4itusel olnud teoste fotod. Eess\u00f5na on kirjutanud n\u00e4ituse kuraator, kunstiteadlane Mai Levin.<\/p>\n<p>V\u00e4ljaandja: Allee galerii.<\/p>\n<p>Fotograaf: Stanislav Stepa\u0161ko. Kujundus ja tr\u00fckk: Digra O\u00dc.<\/p>\n","protected":false},"featured_media":1988,"template":"","meta":{"_acf_changed":false},"product_brand":[],"product_cat":[55],"product_tag":[58,60],"class_list":{"0":"post-1969","1":"product","2":"type-product","3":"status-publish","4":"has-post-thumbnail","6":"product_cat-raamatud","7":"product_tag-naitusekataloog","8":"product_tag-e-pood","10":"first","11":"outofstock","12":"shipping-taxable","13":"product-type-simple"},"acf":[],"_links":{"self":[{"href":"https:\/\/alleegalerii.ee\/en\/wp-json\/wp\/v2\/product\/1969","targetHints":{"allow":["GET"]}}],"collection":[{"href":"https:\/\/alleegalerii.ee\/en\/wp-json\/wp\/v2\/product"}],"about":[{"href":"https:\/\/alleegalerii.ee\/en\/wp-json\/wp\/v2\/types\/product"}],"wp:featuredmedia":[{"embeddable":true,"href":"https:\/\/alleegalerii.ee\/en\/wp-json\/wp\/v2\/media\/1988"}],"wp:attachment":[{"href":"https:\/\/alleegalerii.ee\/en\/wp-json\/wp\/v2\/media?parent=1969"}],"wp:term":[{"taxonomy":"product_brand","embeddable":true,"href":"https:\/\/alleegalerii.ee\/en\/wp-json\/wp\/v2\/product_brand?post=1969"},{"taxonomy":"product_cat","embeddable":true,"href":"https:\/\/alleegalerii.ee\/en\/wp-json\/wp\/v2\/product_cat?post=1969"},{"taxonomy":"product_tag","embeddable":true,"href":"https:\/\/alleegalerii.ee\/en\/wp-json\/wp\/v2\/product_tag?post=1969"}],"curies":[{"name":"wp","href":"https:\/\/api.w.org\/{rel}","templated":true}]}}