{"id":1967,"date":"2020-12-11T13:03:26","date_gmt":"2020-12-11T11:03:26","guid":{"rendered":"https:\/\/alleegalerii.ee\/?post_type=product&#038;p=1967"},"modified":"2025-09-19T22:31:18","modified_gmt":"2025-09-19T19:31:18","slug":"mai-levin-armastades-eestimaad-2008","status":"publish","type":"product","link":"https:\/\/alleegalerii.ee\/en\/shop\/mai-levin-armastades-eestimaad-2008\/","title":{"rendered":"Mai Levin &#8220;Richard Uutmaa &#8211; Armastades Eestimaad&#8221;, 2008"},"content":{"rendered":"","protected":false},"excerpt":{"rendered":"<p>Mai Levini monograafia Richard Uutmaast.<\/p>\n<p>Ohtra pildimaterjaliga raamatust leiab nii t\u00fctre m\u00e4lestused kui kolleegi Evald Okase meenutused eesti \u00fchest tuntuimast marinistist. Raamat on heaks infoallikaks m\u00f5istmaks Uutmaa s\u00fcgavat armastust rannamaastiku ning Eestimaa looduse vastu.<\/p>\n<p>K\u00f5vakaaneline. 335 lk.<\/p>\n","protected":false},"featured_media":5372,"template":"","meta":{"_acf_changed":false},"product_brand":[],"product_cat":[55,59],"product_tag":[60],"class_list":{"0":"post-1967","1":"product","2":"type-product","3":"status-publish","4":"has-post-thumbnail","6":"product_cat-raamatud","7":"product_cat-e-pood","8":"product_tag-e-pood","10":"first","11":"outofstock","12":"shipping-taxable","13":"purchasable","14":"product-type-simple"},"acf":[],"_links":{"self":[{"href":"https:\/\/alleegalerii.ee\/en\/wp-json\/wp\/v2\/product\/1967","targetHints":{"allow":["GET"]}}],"collection":[{"href":"https:\/\/alleegalerii.ee\/en\/wp-json\/wp\/v2\/product"}],"about":[{"href":"https:\/\/alleegalerii.ee\/en\/wp-json\/wp\/v2\/types\/product"}],"wp:featuredmedia":[{"embeddable":true,"href":"https:\/\/alleegalerii.ee\/en\/wp-json\/wp\/v2\/media\/5372"}],"wp:attachment":[{"href":"https:\/\/alleegalerii.ee\/en\/wp-json\/wp\/v2\/media?parent=1967"}],"wp:term":[{"taxonomy":"product_brand","embeddable":true,"href":"https:\/\/alleegalerii.ee\/en\/wp-json\/wp\/v2\/product_brand?post=1967"},{"taxonomy":"product_cat","embeddable":true,"href":"https:\/\/alleegalerii.ee\/en\/wp-json\/wp\/v2\/product_cat?post=1967"},{"taxonomy":"product_tag","embeddable":true,"href":"https:\/\/alleegalerii.ee\/en\/wp-json\/wp\/v2\/product_tag?post=1967"}],"curies":[{"name":"wp","href":"https:\/\/api.w.org\/{rel}","templated":true}]}}