{"id":17727,"date":"2024-09-10T16:07:14","date_gmt":"2024-09-10T13:07:14","guid":{"rendered":"https:\/\/alleegalerii.ee\/?post_type=product&#038;p=17727"},"modified":"2024-09-10T16:31:41","modified_gmt":"2024-09-10T13:31:41","slug":"aksel-tamme-eesti-kaitsjad","status":"publish","type":"product","link":"https:\/\/alleegalerii.ee\/en\/shop\/aksel-tamme-eesti-kaitsjad\/","title":{"rendered":"Aksel Tamme &#8220;Eesti kaitsjad&#8221;"},"content":{"rendered":"","protected":false},"excerpt":{"rendered":"<p>\u00d5li linoleumil.<\/p>\n<p>Alusraami m\u00f5\u00f5t: 95 x 43 cm.<\/p>\n<p>All: ATAMME<\/p>\n<p>Aksel Tamme (1912-1975) alustas kunsti \u00f5ppimist Pallases ning peale seda Soomes, Rootsis ja Kanadas. Neist viimasesse j\u00e4i ta ka l\u00f5puks peatuma ning seal saabus ka edu. 1965. aastal Torontos toimunud isikun\u00e4itusel p\u00fcstitati omalaadne eesti kunstiajaloo rekord: 51 t\u00f6\u00f6st m\u00fc\u00fcdi 40, sealjuures ei olnud k\u00f5ik m\u00fc\u00fcgis (Vaba Eesti S\u00f5na, 29. aprill 1965).<\/p>\n","protected":false},"featured_media":26456,"template":"","meta":{"_acf_changed":false},"product_brand":[],"product_cat":[415,56,59],"product_tag":[60],"class_list":{"0":"post-17727","1":"product","2":"type-product","3":"status-publish","4":"has-post-thumbnail","6":"product_cat-maal","7":"product_cat-olimaal","8":"product_cat-e-pood","9":"product_tag-e-pood","11":"first","12":"instock","13":"sold-individually","14":"shipping-taxable","15":"purchasable","16":"product-type-simple"},"acf":[],"_links":{"self":[{"href":"https:\/\/alleegalerii.ee\/en\/wp-json\/wp\/v2\/product\/17727","targetHints":{"allow":["GET"]}}],"collection":[{"href":"https:\/\/alleegalerii.ee\/en\/wp-json\/wp\/v2\/product"}],"about":[{"href":"https:\/\/alleegalerii.ee\/en\/wp-json\/wp\/v2\/types\/product"}],"wp:featuredmedia":[{"embeddable":true,"href":"https:\/\/alleegalerii.ee\/en\/wp-json\/wp\/v2\/media\/26456"}],"wp:attachment":[{"href":"https:\/\/alleegalerii.ee\/en\/wp-json\/wp\/v2\/media?parent=17727"}],"wp:term":[{"taxonomy":"product_brand","embeddable":true,"href":"https:\/\/alleegalerii.ee\/en\/wp-json\/wp\/v2\/product_brand?post=17727"},{"taxonomy":"product_cat","embeddable":true,"href":"https:\/\/alleegalerii.ee\/en\/wp-json\/wp\/v2\/product_cat?post=17727"},{"taxonomy":"product_tag","embeddable":true,"href":"https:\/\/alleegalerii.ee\/en\/wp-json\/wp\/v2\/product_tag?post=17727"}],"curies":[{"name":"wp","href":"https:\/\/api.w.org\/{rel}","templated":true}]}}