{"id":17724,"date":"2024-09-24T09:05:07","date_gmt":"2024-09-24T06:05:07","guid":{"rendered":"https:\/\/alleegalerii.ee\/?post_type=product&#038;p=17724"},"modified":"2025-01-23T14:09:33","modified_gmt":"2025-01-23T12:09:33","slug":"herald-eelma-tallinna-vanalinn-1965-2","status":"publish","type":"product","link":"https:\/\/alleegalerii.ee\/en\/shop\/herald-eelma-tallinna-vanalinn-1965-2\/","title":{"rendered":"Herald Eelma \u201cTallinna vanalinn\u201d, 1965"},"content":{"rendered":"","protected":false},"excerpt":{"rendered":"<p>M\u00dc\u00dcDUD.<\/p>\n<p>Linooll\u00f5ige paberil. Teos on raamitud, kuid ilma klaasita. Saame soovi korral aidata seda organiseerida.<\/p>\n<p>M\u00f5\u00f5dud: km 43,5 x 34,5 cm, raamiga 55 x 61 cm.<\/p>\n<p>All vasakul: &#8220;Vana Tallinn&#8221; linool<br \/>\nAll paremal: H. Eelma 65.<\/p>\n<p>1960. aastatel kiirelt eesti graafika juhtgruppi liikunud Herald Eelma <span style=\"font-weight: 400;\">(s 1934)<\/span> meelistehnikaks kujunes linooll\u00f5ige, mida ta k\u00e4sitles \u00fchtaegu ekspressiivselt ja dekoratiivselt.\u00a0 Tema toonased teosed on t\u00e4is optimismi ja helgust, samas mehelikku tugevust.<\/p>\n<p><span style=\"font-weight: 400;\">Lisaks arvukatele teistele tunnustustele on Eelmad lausa kahekordselt auhinnatud Kristjan Raua preemiaga.<\/span><\/p>\n","protected":false},"featured_media":17725,"template":"","meta":{"_acf_changed":false},"product_brand":[],"product_cat":[61,57,59],"product_tag":[60],"class_list":{"0":"post-17724","1":"product","2":"type-product","3":"status-publish","4":"has-post-thumbnail","6":"product_cat-graafika","7":"product_cat-muudud","8":"product_cat-e-pood","9":"product_tag-e-pood","11":"first","12":"outofstock","13":"sold-individually","14":"shipping-taxable","15":"purchasable","16":"product-type-simple"},"acf":[],"_links":{"self":[{"href":"https:\/\/alleegalerii.ee\/en\/wp-json\/wp\/v2\/product\/17724","targetHints":{"allow":["GET"]}}],"collection":[{"href":"https:\/\/alleegalerii.ee\/en\/wp-json\/wp\/v2\/product"}],"about":[{"href":"https:\/\/alleegalerii.ee\/en\/wp-json\/wp\/v2\/types\/product"}],"wp:featuredmedia":[{"embeddable":true,"href":"https:\/\/alleegalerii.ee\/en\/wp-json\/wp\/v2\/media\/17725"}],"wp:attachment":[{"href":"https:\/\/alleegalerii.ee\/en\/wp-json\/wp\/v2\/media?parent=17724"}],"wp:term":[{"taxonomy":"product_brand","embeddable":true,"href":"https:\/\/alleegalerii.ee\/en\/wp-json\/wp\/v2\/product_brand?post=17724"},{"taxonomy":"product_cat","embeddable":true,"href":"https:\/\/alleegalerii.ee\/en\/wp-json\/wp\/v2\/product_cat?post=17724"},{"taxonomy":"product_tag","embeddable":true,"href":"https:\/\/alleegalerii.ee\/en\/wp-json\/wp\/v2\/product_tag?post=17724"}],"curies":[{"name":"wp","href":"https:\/\/api.w.org\/{rel}","templated":true}]}}